{"id":5176,"date":"2024-10-03T11:37:48","date_gmt":"2024-10-03T08:37:48","guid":{"rendered":"https:\/\/actrica.ch\/?post_type=product&#038;p=5176"},"modified":"2025-04-03T12:18:48","modified_gmt":"2025-04-03T09:18:48","slug":"rikar4-shop","status":"publish","type":"product","link":"https:\/\/actrica.ch\/fr\/shop\/dachzelt\/rikar4-shop\/","title":{"rendered":"RIKAR4 &#8211; Shop"},"content":{"rendered":"<h2>RIKAR4<\/h2>\n<h2 class=\"mb-2 mt-6 text-lg first:mt-3\">Hartschalen-Dachzelt<\/h2>\n<p>Innenma\u00dfe (ca.): 205 x 185 x 105 cm<\/p>\n<p>Au\u00dfenma\u00dfe (ca.): 210 x 190 x 110 cm<\/p>\n<p>Gr\u00f6\u00dfe zusammengeklappt (ca.): 120 x 190 x 26 cm<\/p>\n<p><strong>Personen<\/strong>: 3-4 Erwachsene<\/p>\n<p><strong>Gewicht<\/strong>: ~86 kg netto<\/p>\n<p><strong>Schnelle Bereitstellung, schnelles Packen<\/strong><\/p>\n<p>Erfordert &gt;75 cm L\u00e4nge f\u00fcr die Dachtr\u00e4gerinstallation. Bitte messen Sie nur die L\u00e4ngen der Stangen, schlie\u00dfen Sie die L\u00e4nge des seitlichen Kunststoffteils, das sich unter der Stange befindet, nicht ein. In der Regel wird es bei kleinen Autos nach hinten schmaler. Es k\u00f6nnte sein, dass es nicht zu den Dachtr\u00e4gern Ihres Autos passt.<\/p>\n<p>&nbsp;<\/p>\n<p>Mat\u00e9riel :<\/p>\n<ul>\n<li>Aluminiumlegierungsschale<\/li>\n<li>Wabenstruktur<\/li>\n<li>Leichter Aluminiumlegierungsrahmen<\/li>\n<li>Polyester-coton 420D enduit de PU, imperm\u00e9able jusqu'\u00e0 4000 mm (face sup\u00e9rieure)<\/li>\n<li>320D polyester-coton enduit de PU, imperm\u00e9able \u00e0 3000 mm<\/li>\n<li>110 g Netz<\/li>\n<\/ul>\n<p>&nbsp;<\/p>\n<p class=\"mb-2 mt-6 text-lg first:mt-3\">Farbe:<\/p>\n<ul>\n<li>Schwarz \/ Grau \/ Gr\u00fcn \/ Khaki (Farbphotos k\u00f6nnen je nach Ger\u00e4t variieren)<\/li>\n<li>Nur der Stoff. Schale in Schwarz.<\/li>\n<\/ul>\n<p>&nbsp;<\/p>\n<p>Accessories :<\/p>\n<p>1. Essential-Paket :<\/p>\n<ul>\n<li>Echelle t\u00e9lescopique de 2,3m en alliage d'aluminium<\/li>\n<li>Matelas de 5 cm (mousse)<\/li>\n<li>2 sacs \u00e0 chaussures<\/li>\n<li>Poches de rangement int\u00e9rieures<\/li>\n<li>Tige de pression hydraulique<\/li>\n<li>Moustiquaire<\/li>\n<li>2 points de verrouillage de la tente<\/li>\n<\/ul>\n<p>&nbsp;<\/p>\n<p>2. Deluxe Paket :<\/p>\n<ul>\n<li>Plaques nominatives\/num\u00e9riques individuelles en aluminium<\/li>\n<li>Einzigartige Muttern und Schrauben mit Werkzeugen<\/li>\n<li>Couverture marine noire (absorption de l'humidit\u00e9)<\/li>\n<li>Barre lumineuse LED int\u00e9rieure (1 m\u00e8tre)<\/li>\n<li>Barre transversale suppl\u00e9mentaire pour la coque<\/li>\n<li>Protection des coins en alliage d'aluminium<\/li>\n<li>Prise Anderson 12V et syst\u00e8me \u00e9lectrique<\/li>\n<\/ul>\n<p>&nbsp;<\/p>\n<p>3. Abenteuer-Kits :<\/p>\n<ul>\n<li>\u00a0Connecteur externe Anderson + 2 m\u00e8tres de c\u00e2ble<\/li>\n<li>Toile de couverture bleue 4x3m<\/li>\n<li>Adaptateur de fiche de cigarette 12V avec panneau de prises de courant<\/li>\n<li>Drap avec bords \u00e9lastiques x2<\/li>\n<li>Marchepied de porte de voiture x1<\/li>\n<li>\u00c9tiquette GPS x2 (IOS)<\/li>\n<li><span style=\"font-size: 16px;\">Lampe de poche d'urgence<\/span><\/li>\n<li><span style=\"font-size: 16px;\">Couche de bulles argent\u00e9e r\u00e9fl\u00e9chissante 2x1m<\/span><\/li>\n<\/ul>\n<p>&nbsp;<\/p>\n<p><a href=\"https:\/\/actrica.ch\/fr\/zubehoer-shop\/\">B\u00fcndel-Kauf-Rabatt: Markise 2.0, Duschzelt, Solarpanel &amp; Universelle Dachtr\u00e4ger<\/a><\/p>\n<p>&nbsp;<\/p>\n<p>Versand:<\/p>\n<ul>\n<li>Kaufen Sie unseren Lagerartikel und holen Sie ihn selbst ab oder zahlen Sie zus\u00e4tzliche Geb\u00fchren f\u00fcr den nationalen Versand.<\/li>\n<li>Vorbestellungen ben\u00f6tigen 50-70 Tage f\u00fcr Produktion und Versand.<\/li>\n<\/ul>\n<p>&nbsp;<\/p>\n<p>Alle Daten dienen nur zur Information; das tats\u00e4chliche Produkt dient als Standard.<\/p>\n<p>&nbsp;<\/p>\n<h3><a href=\"https:\/\/actrica.ch\/fr\/kontakt\/\">Kontaktieren Sie uns f\u00fcr weitere Informationen.<\/a><\/h3>\n<h3><a href=\"https:\/\/actrica.ch\/fr\/kontakt\/\">Individuelle Ratenzahlungspl\u00e4ne verf\u00fcgbar.<\/a><\/h3>\n<div class=\"wp-block-column is-layout-flow wp-block-column-is-layout-flow\">\n<div class=\"wp-block-column has-ast-global-color-4-color has-text-color has-link-color wp-elements-2a0e33e544129e96472bd9a7b6c65d42 is-layout-flow wp-block-column-is-layout-flow\">\n<h3><\/h3>\n<\/div>\n<\/div>","protected":false},"excerpt":{"rendered":"<p>Hardshell-Dachzelt<\/p>\n<p><strong>Preis inklusive Mehrwertsteuer + Internationaler Versand<\/strong><\/p>\n<p>205 x 185 x 105 cm , 86kg<\/p>\n<p>3-4 Erwachsene<\/p>\n<p>Aluminium-Legierung, 320D 420D Polyester-Baumwolle, 110g Mesh<\/p>\n<p>Zubeh\u00f6r : Leiter, Matratze, Aufbewahrungstaschen, Lichtleiste, Hydraulikstange, Anderson-Stecker etc.<\/p>\n<p><a href=\"https:\/\/actrica.ch\/fr\/zubehoer-shop\/\">Paketkauf : Universal-Dachtr\u00e4ger, Markise 2.0, Duschzelt, Solarpanel<\/a><\/p>\n<p>Versand : Abholung oder zus\u00e4tzliche Versandgeb\u00fchren im Inland<\/p>\n<p>R\u00fcckst\u00e4ndige Bestellungen : 50-70 Tage f\u00fcr Produktion und Versand<\/p>\n<p>&nbsp;<\/p>\n<h3><a href=\"https:\/\/actrica.ch\/fr\/kontakt\/\">Kontaktieren Sie uns f\u00fcr weitere Informationen.<\/a><\/h3>\n<h3><a href=\"https:\/\/actrica.ch\/fr\/kontakt\/\">Individuelle Ratenzahlungspl\u00e4ne verf\u00fcgbar.<\/a><\/h3>\n<p>&nbsp;<\/p>\n<h3><a href=\"https:\/\/actrica.ch\/fr\/contact-us\/\">Contact us for more information.<\/a><\/h3>\n<h3><a href=\"https:\/\/actrica.ch\/fr\/contact-us\/\">Custom Installment Plan Available.<\/a><\/h3>","protected":false},"featured_media":6055,"template":"","meta":{"om_disable_all_campaigns":false,"_monsterinsights_skip_tracking":false,"_monsterinsights_sitenote_active":false,"_monsterinsights_sitenote_note":"","_monsterinsights_sitenote_category":0,"site-sidebar-layout":"default","site-content-layout":"","ast-site-content-layout":"default","site-content-style":"default","site-sidebar-style":"default","ast-global-header-display":"","ast-banner-title-visibility":"","ast-main-header-display":"","ast-hfb-above-header-display":"","ast-hfb-below-header-display":"","ast-hfb-mobile-header-display":"","site-post-title":"","ast-breadcrumbs-content":"","ast-featured-img":"","footer-sml-layout":"","theme-transparent-header-meta":"default","adv-header-id-meta":"","stick-header-meta":"","header-above-stick-meta":"","header-main-stick-meta":"","header-below-stick-meta":"","astra-migrate-meta-layouts":"set","ast-page-background-enabled":"default","ast-page-background-meta":{"desktop":{"background-color":"var(--ast-global-color-4)","background-image":"","background-repeat":"repeat","background-position":"center center","background-size":"auto","background-attachment":"scroll","background-type":"","background-media":"","overlay-type":"","overlay-color":"","overlay-opacity":"","overlay-gradient":""},"tablet":{"background-color":"","background-image":"","background-repeat":"repeat","background-position":"center center","background-size":"auto","background-attachment":"scroll","background-type":"","background-media":"","overlay-type":"","overlay-color":"","overlay-opacity":"","overlay-gradient":""},"mobile":{"background-color":"","background-image":"","background-repeat":"repeat","background-position":"center center","background-size":"auto","background-attachment":"scroll","background-type":"","background-media":"","overlay-type":"","overlay-color":"","overlay-opacity":"","overlay-gradient":""}},"ast-content-background-meta":{"desktop":{"background-color":"var(--ast-global-color-5)","background-image":"","background-repeat":"repeat","background-position":"center center","background-size":"auto","background-attachment":"scroll","background-type":"","background-media":"","overlay-type":"","overlay-color":"","overlay-opacity":"","overlay-gradient":""},"tablet":{"background-color":"var(--ast-global-color-5)","background-image":"","background-repeat":"repeat","background-position":"center center","background-size":"auto","background-attachment":"scroll","background-type":"","background-media":"","overlay-type":"","overlay-color":"","overlay-opacity":"","overlay-gradient":""},"mobile":{"background-color":"var(--ast-global-color-5)","background-image":"","background-repeat":"repeat","background-position":"center center","background-size":"auto","background-attachment":"scroll","background-type":"","background-media":"","overlay-type":"","overlay-color":"","overlay-opacity":"","overlay-gradient":""}},"_themeisle_gutenberg_block_has_review":false},"product_brand":[],"product_cat":[24,175],"product_tag":[],"class_list":{"0":"post-5176","1":"product","2":"type-product","3":"status-publish","4":"has-post-thumbnail","6":"product_cat-dachzelt","7":"product_cat-top5-products","8":"desktop-align-left","9":"tablet-align-left","10":"mobile-align-left","12":"first","13":"onbackorder","14":"shipping-taxable","15":"purchasable","16":"product-type-variable","17":"has-default-attributes"},"aioseo_notices":[],"jetpack_sharing_enabled":true,"_links":{"self":[{"href":"https:\/\/actrica.ch\/fr\/wp-json\/wp\/v2\/product\/5176","targetHints":{"allow":["GET"]}}],"collection":[{"href":"https:\/\/actrica.ch\/fr\/wp-json\/wp\/v2\/product"}],"about":[{"href":"https:\/\/actrica.ch\/fr\/wp-json\/wp\/v2\/types\/product"}],"wp:featuredmedia":[{"embeddable":true,"href":"https:\/\/actrica.ch\/fr\/wp-json\/wp\/v2\/media\/6055"}],"wp:attachment":[{"href":"https:\/\/actrica.ch\/fr\/wp-json\/wp\/v2\/media?parent=5176"}],"wp:term":[{"taxonomy":"product_brand","embeddable":true,"href":"https:\/\/actrica.ch\/fr\/wp-json\/wp\/v2\/product_brand?post=5176"},{"taxonomy":"product_cat","embeddable":true,"href":"https:\/\/actrica.ch\/fr\/wp-json\/wp\/v2\/product_cat?post=5176"},{"taxonomy":"product_tag","embeddable":true,"href":"https:\/\/actrica.ch\/fr\/wp-json\/wp\/v2\/product_tag?post=5176"}],"curies":[{"name":"wp","href":"https:\/\/api.w.org\/{rel}","templated":true}]}}