{"id":3465,"date":"2024-07-08T21:29:22","date_gmt":"2024-07-08T18:29:22","guid":{"rendered":"https:\/\/actrica.ch\/?page_id=3465"},"modified":"2025-04-04T11:53:51","modified_gmt":"2025-04-04T08:53:51","slug":"gruppenkauf-rabatt","status":"publish","type":"page","link":"https:\/\/actrica.ch\/fr\/gruppenkauf-rabatt\/","title":{"rendered":"Group Purchase Page"},"content":{"rendered":"<div id=\"wp-block-themeisle-blocks-advanced-columns-cc84b345\" class=\"wp-block-themeisle-blocks-advanced-columns has-1-columns has-desktop-equal-layout has-tablet-equal-layout has-mobile-equal-layout has-vertical-unset\"><div class=\"wp-block-themeisle-blocks-advanced-columns-overlay\"><\/div><div class=\"innerblocks-wrap\">\n<div id=\"wp-block-themeisle-blocks-advanced-column-f931c493\" class=\"wp-block-themeisle-blocks-advanced-column has-dark-bg\">\n<div style=\"height:100px\" aria-hidden=\"true\" class=\"wp-block-spacer\"><\/div>\n\n\n\n<h2 class=\"wp-block-heading has-ast-global-color-0-color has-text-color has-link-color wp-elements-72f664e353fcc132c2787ca6b339ee11\">Remise de groupe \u00e0 l'achat<\/h2>\n\n\n\n<p class=\"has-ast-global-color-1-color has-text-color has-link-color wp-elements-1c6eb0e901fc31aac2087ec1729099b9\">Profitez de notre fonctionnalit\u00e9 de commande group\u00e9e et obtenez votre r\u00e9duction. Ceci s'applique uniquement aux pr\u00e9commandes. Commandez avec des personnes de l'endroit que vous avez choisi et profitez d'une grande remise sur la production et l'exp\u00e9dition.<\/p>\n\n\n\n<div class=\"wp-block-columns are-vertically-aligned-top is-layout-flex wp-container-core-columns-is-layout-1 wp-block-columns-is-layout-flex\">\n<div class=\"wp-block-column is-vertically-aligned-top is-layout-flow wp-block-column-is-layout-flow\">\n<figure class=\"wp-block-image aligncenter size-full is-resized is-style-rounded\"><img loading=\"lazy\" decoding=\"async\" width=\"1024\" height=\"1024\" data-attachment-id=\"3963\" data-permalink=\"https:\/\/actrica.ch\/fr\/gruppenkauf-rabatt\/attachment\/images_x7ygofaopkekq7dppbq8\/\" data-orig-file=\"https:\/\/actrica.ch\/wp-content\/uploads\/2024\/07\/images_x7YgOFAopKEkq7dPPbq8.png\" data-orig-size=\"1024,1024\" data-comments-opened=\"1\" data-image-meta=\"{&quot;aperture&quot;:&quot;0&quot;,&quot;credit&quot;:&quot;&quot;,&quot;camera&quot;:&quot;&quot;,&quot;caption&quot;:&quot;&quot;,&quot;created_timestamp&quot;:&quot;0&quot;,&quot;copyright&quot;:&quot;&quot;,&quot;focal_length&quot;:&quot;0&quot;,&quot;iso&quot;:&quot;0&quot;,&quot;shutter_speed&quot;:&quot;0&quot;,&quot;title&quot;:&quot;&quot;,&quot;orientation&quot;:&quot;0&quot;}\" data-image-title=\"images_x7YgOFAopKEkq7dPPbq8\" data-image-description=\"\" data-image-caption=\"\" data-medium-file=\"https:\/\/actrica.ch\/wp-content\/uploads\/2024\/07\/images_x7YgOFAopKEkq7dPPbq8-300x300.png\" data-large-file=\"https:\/\/actrica.ch\/wp-content\/uploads\/2024\/07\/images_x7YgOFAopKEkq7dPPbq8.png\" src=\"https:\/\/actrica.ch\/wp-content\/uploads\/2024\/07\/images_x7YgOFAopKEkq7dPPbq8.png\" alt=\"\" class=\"wp-image-3963\" style=\"width:250px\" srcset=\"https:\/\/actrica.ch\/wp-content\/uploads\/2024\/07\/images_x7YgOFAopKEkq7dPPbq8.png 1024w, https:\/\/actrica.ch\/wp-content\/uploads\/2024\/07\/images_x7YgOFAopKEkq7dPPbq8-300x300.png 300w, https:\/\/actrica.ch\/wp-content\/uploads\/2024\/07\/images_x7YgOFAopKEkq7dPPbq8-150x150.png 150w, https:\/\/actrica.ch\/wp-content\/uploads\/2024\/07\/images_x7YgOFAopKEkq7dPPbq8-768x768.png 768w, https:\/\/actrica.ch\/wp-content\/uploads\/2024\/07\/images_x7YgOFAopKEkq7dPPbq8-600x600.png 600w, https:\/\/actrica.ch\/wp-content\/uploads\/2024\/07\/images_x7YgOFAopKEkq7dPPbq8-100x100.png 100w\" sizes=\"auto, (max-width: 1024px) 100vw, 1024px\" \/><\/figure>\n\n\n\n<div style=\"height:20px\" aria-hidden=\"true\" class=\"wp-block-spacer\"><\/div>\n\n\n\n<p class=\"has-text-align-center has-ast-global-color-1-color has-text-color has-link-color wp-elements-47f7e131c7c31298df1d0b5b5ca15cc8\">1. <strong>Choisissez votre lieu<\/strong><br>Les sites avec la fonction de commande group\u00e9e se trouvent sur les pages de produits sp\u00e9cifiques. *Les commandes group\u00e9es ne sont adapt\u00e9es qu'aux pr\u00e9commandes.<\/p>\n\n\n\n<div style=\"height:40px\" aria-hidden=\"true\" class=\"wp-block-spacer\"><\/div>\n<\/div>\n\n\n\n<div class=\"wp-block-column is-vertically-aligned-top is-layout-flow wp-block-column-is-layout-flow\">\n<figure class=\"wp-block-image aligncenter size-full is-resized is-style-rounded\"><img loading=\"lazy\" decoding=\"async\" width=\"1024\" height=\"1024\" data-attachment-id=\"3967\" data-permalink=\"https:\/\/actrica.ch\/fr\/gruppenkauf-rabatt\/attachment\/images_wnptoabwxxs0biao8mng\/\" data-orig-file=\"https:\/\/actrica.ch\/wp-content\/uploads\/2024\/07\/images_WNPtOaBWxXS0bIaO8mNG.png\" data-orig-size=\"1024,1024\" data-comments-opened=\"1\" data-image-meta=\"{&quot;aperture&quot;:&quot;0&quot;,&quot;credit&quot;:&quot;&quot;,&quot;camera&quot;:&quot;&quot;,&quot;caption&quot;:&quot;&quot;,&quot;created_timestamp&quot;:&quot;0&quot;,&quot;copyright&quot;:&quot;&quot;,&quot;focal_length&quot;:&quot;0&quot;,&quot;iso&quot;:&quot;0&quot;,&quot;shutter_speed&quot;:&quot;0&quot;,&quot;title&quot;:&quot;&quot;,&quot;orientation&quot;:&quot;0&quot;}\" data-image-title=\"images_WNPtOaBWxXS0bIaO8mNG\" data-image-description=\"\" data-image-caption=\"\" data-medium-file=\"https:\/\/actrica.ch\/wp-content\/uploads\/2024\/07\/images_WNPtOaBWxXS0bIaO8mNG-300x300.png\" data-large-file=\"https:\/\/actrica.ch\/wp-content\/uploads\/2024\/07\/images_WNPtOaBWxXS0bIaO8mNG.png\" src=\"http:\/\/actrica.ch\/wp-content\/uploads\/2024\/07\/images_WNPtOaBWxXS0bIaO8mNG.png\" alt=\"\" class=\"wp-image-3967\" style=\"width:250px\" srcset=\"https:\/\/actrica.ch\/wp-content\/uploads\/2024\/07\/images_WNPtOaBWxXS0bIaO8mNG.png 1024w, https:\/\/actrica.ch\/wp-content\/uploads\/2024\/07\/images_WNPtOaBWxXS0bIaO8mNG-300x300.png 300w, https:\/\/actrica.ch\/wp-content\/uploads\/2024\/07\/images_WNPtOaBWxXS0bIaO8mNG-150x150.png 150w, https:\/\/actrica.ch\/wp-content\/uploads\/2024\/07\/images_WNPtOaBWxXS0bIaO8mNG-768x768.png 768w, https:\/\/actrica.ch\/wp-content\/uploads\/2024\/07\/images_WNPtOaBWxXS0bIaO8mNG-600x600.png 600w, https:\/\/actrica.ch\/wp-content\/uploads\/2024\/07\/images_WNPtOaBWxXS0bIaO8mNG-100x100.png 100w\" sizes=\"auto, (max-width: 1024px) 100vw, 1024px\" \/><\/figure>\n\n\n\n<div style=\"height:20px\" aria-hidden=\"true\" class=\"wp-block-spacer\"><\/div>\n\n\n\n<p class=\"has-text-align-center has-ast-global-color-1-color has-text-color has-link-color wp-elements-350c458704703de3f68189d34f525840\">2. <strong>Contactez-nous<\/strong><br>Faites-nous savoir \u00e0 quelle commande de groupe vous souhaitez participer et nous vous ajouterons \u00e0 la commande de groupe. Vous ne voyez pas votre site ? Envoyez-nous un message et nous initierons une nouvelle commande \u00e0 votre emplacement.<\/p>\n\n\n\n<div style=\"height:40px\" aria-hidden=\"true\" class=\"wp-block-spacer\"><\/div>\n<\/div>\n\n\n\n<div class=\"wp-block-column is-vertically-aligned-top is-layout-flow wp-block-column-is-layout-flow\">\n<figure class=\"wp-block-image aligncenter size-full is-resized is-style-rounded\"><img loading=\"lazy\" decoding=\"async\" width=\"1024\" height=\"1024\" data-attachment-id=\"3965\" data-permalink=\"https:\/\/actrica.ch\/fr\/gruppenkauf-rabatt\/attachment\/images_3fogj4yzxq16kljve5uh\/\" data-orig-file=\"https:\/\/actrica.ch\/wp-content\/uploads\/2024\/07\/images_3fogj4yzXQ16kLjvE5uh.png\" data-orig-size=\"1024,1024\" data-comments-opened=\"1\" data-image-meta=\"{&quot;aperture&quot;:&quot;0&quot;,&quot;credit&quot;:&quot;&quot;,&quot;camera&quot;:&quot;&quot;,&quot;caption&quot;:&quot;&quot;,&quot;created_timestamp&quot;:&quot;0&quot;,&quot;copyright&quot;:&quot;&quot;,&quot;focal_length&quot;:&quot;0&quot;,&quot;iso&quot;:&quot;0&quot;,&quot;shutter_speed&quot;:&quot;0&quot;,&quot;title&quot;:&quot;&quot;,&quot;orientation&quot;:&quot;0&quot;}\" data-image-title=\"images_3fogj4yzXQ16kLjvE5uh\" data-image-description=\"\" data-image-caption=\"\" data-medium-file=\"https:\/\/actrica.ch\/wp-content\/uploads\/2024\/07\/images_3fogj4yzXQ16kLjvE5uh-300x300.png\" data-large-file=\"https:\/\/actrica.ch\/wp-content\/uploads\/2024\/07\/images_3fogj4yzXQ16kLjvE5uh.png\" src=\"https:\/\/actrica.ch\/wp-content\/uploads\/2024\/07\/images_3fogj4yzXQ16kLjvE5uh.png\" alt=\"\" class=\"wp-image-3965\" style=\"width:250px\" srcset=\"https:\/\/actrica.ch\/wp-content\/uploads\/2024\/07\/images_3fogj4yzXQ16kLjvE5uh.png 1024w, https:\/\/actrica.ch\/wp-content\/uploads\/2024\/07\/images_3fogj4yzXQ16kLjvE5uh-300x300.png 300w, https:\/\/actrica.ch\/wp-content\/uploads\/2024\/07\/images_3fogj4yzXQ16kLjvE5uh-150x150.png 150w, https:\/\/actrica.ch\/wp-content\/uploads\/2024\/07\/images_3fogj4yzXQ16kLjvE5uh-768x768.png 768w, https:\/\/actrica.ch\/wp-content\/uploads\/2024\/07\/images_3fogj4yzXQ16kLjvE5uh-600x600.png 600w, https:\/\/actrica.ch\/wp-content\/uploads\/2024\/07\/images_3fogj4yzXQ16kLjvE5uh-100x100.png 100w\" sizes=\"auto, (max-width: 1024px) 100vw, 1024px\" \/><\/figure>\n\n\n\n<div style=\"height:20px\" aria-hidden=\"true\" class=\"wp-block-spacer\"><\/div>\n\n\n\n<p class=\"has-text-align-center has-ast-global-color-1-color has-text-color has-link-color wp-elements-74fc22aea2330da1f1cb0e9e8f2dd089\">3. <strong>Attendre les mises \u00e0 jour<\/strong><br>Nous vous informons lorsqu'une commande de groupe est pr\u00eate.<br>*Le prix final sera fix\u00e9 au moment o\u00f9 toutes les commandes seront regroup\u00e9es avec succ\u00e8s.<\/p>\n\n\n\n<div style=\"height:40px\" aria-hidden=\"true\" class=\"wp-block-spacer\"><\/div>\n<\/div>\n\n\n\n<div class=\"wp-block-column is-vertically-aligned-top is-layout-flow wp-block-column-is-layout-flow\">\n<figure class=\"wp-block-image aligncenter size-full is-resized is-style-rounded\"><img loading=\"lazy\" decoding=\"async\" width=\"1024\" height=\"1024\" data-attachment-id=\"3966\" data-permalink=\"https:\/\/actrica.ch\/fr\/gruppenkauf-rabatt\/attachment\/images_k6ulqg2kqwxk6sbaoaem\/\" data-orig-file=\"https:\/\/actrica.ch\/wp-content\/uploads\/2024\/07\/images_K6uLQG2KqWxK6sBAOaeM.png\" data-orig-size=\"1024,1024\" data-comments-opened=\"1\" data-image-meta=\"{&quot;aperture&quot;:&quot;0&quot;,&quot;credit&quot;:&quot;&quot;,&quot;camera&quot;:&quot;&quot;,&quot;caption&quot;:&quot;&quot;,&quot;created_timestamp&quot;:&quot;0&quot;,&quot;copyright&quot;:&quot;&quot;,&quot;focal_length&quot;:&quot;0&quot;,&quot;iso&quot;:&quot;0&quot;,&quot;shutter_speed&quot;:&quot;0&quot;,&quot;title&quot;:&quot;&quot;,&quot;orientation&quot;:&quot;0&quot;}\" data-image-title=\"images_K6uLQG2KqWxK6sBAOaeM\" data-image-description=\"\" data-image-caption=\"\" data-medium-file=\"https:\/\/actrica.ch\/wp-content\/uploads\/2024\/07\/images_K6uLQG2KqWxK6sBAOaeM-300x300.png\" data-large-file=\"https:\/\/actrica.ch\/wp-content\/uploads\/2024\/07\/images_K6uLQG2KqWxK6sBAOaeM.png\" src=\"http:\/\/actrica.ch\/wp-content\/uploads\/2024\/07\/images_K6uLQG2KqWxK6sBAOaeM.png\" alt=\"\" class=\"wp-image-3966\" style=\"width:250px\" srcset=\"https:\/\/actrica.ch\/wp-content\/uploads\/2024\/07\/images_K6uLQG2KqWxK6sBAOaeM.png 1024w, https:\/\/actrica.ch\/wp-content\/uploads\/2024\/07\/images_K6uLQG2KqWxK6sBAOaeM-300x300.png 300w, https:\/\/actrica.ch\/wp-content\/uploads\/2024\/07\/images_K6uLQG2KqWxK6sBAOaeM-150x150.png 150w, https:\/\/actrica.ch\/wp-content\/uploads\/2024\/07\/images_K6uLQG2KqWxK6sBAOaeM-768x768.png 768w, https:\/\/actrica.ch\/wp-content\/uploads\/2024\/07\/images_K6uLQG2KqWxK6sBAOaeM-600x600.png 600w, https:\/\/actrica.ch\/wp-content\/uploads\/2024\/07\/images_K6uLQG2KqWxK6sBAOaeM-100x100.png 100w\" sizes=\"auto, (max-width: 1024px) 100vw, 1024px\" \/><\/figure>\n\n\n\n<div style=\"height:20px\" aria-hidden=\"true\" class=\"wp-block-spacer\"><\/div>\n\n\n\n<p class=\"has-text-align-center has-ast-global-color-1-color has-text-color has-link-color wp-elements-6c7b59a2a11a0eb72882b179aec7dc51\">4. <strong>Connectez votre groupe<\/strong><br>Nous vous mettons en contact avec les membres de votre groupe afin d'organiser votre prise en charge. Nouez des amiti\u00e9s en cours de route.<\/p>\n\n\n\n<div style=\"height:40px\" aria-hidden=\"true\" class=\"wp-block-spacer\"><\/div>\n<\/div>\n<\/div>\n\n\n\n<div style=\"height:100px\" aria-hidden=\"true\" class=\"wp-block-spacer\"><\/div>\n\n\n\n<h2 class=\"wp-block-heading has-ast-global-color-0-color has-text-color has-link-color wp-elements-0ebf8dff2768ac99683e58c3ad8f14e0\">Commandes de groupe en cours<\/h2>\n\n\n\n<div class=\"wp-block-columns is-layout-flex wp-container-core-columns-is-layout-2 wp-block-columns-is-layout-flex\">\n<div class=\"wp-block-column has-background is-layout-flow wp-block-column-is-layout-flow\" style=\"border-width:1px;background-color:#88efff;padding-right:3%;padding-left:3%\">\n<div style=\"height:30px\" aria-hidden=\"true\" class=\"wp-block-spacer\"><\/div>\n\n\n\n<h3 class=\"wp-block-heading has-text-align-center has-ast-global-color-4-color has-text-color has-link-color wp-elements-ffae1373e19f8cd9b96e0b1bcacff81a\">PROMOTION VENTE<br>Suisse<br>ACTOX5<br>BLACK - ACCESSOIRES DELUXE<br>\u20ac100 DISCOUNT \/ TENT<br>0\/2 SIND BEREIT<br>#487<\/h3>\n\n\n\n<div id=\"wp-block-themeisle-blocks-progress-bar-1bff8176\" class=\"wp-block-themeisle-blocks-progress-bar\" data-percent=\"0\" data-duration=\"2\"><div class=\"wp-block-themeisle-blocks-progress-bar__area\"><div class=\"wp-block-themeisle-blocks-progress-bar__area__title\"><span>PURCHASE NOW!<\/span><\/div><div class=\"wp-block-themeisle-blocks-progress-bar__area__bar\"><\/div><div class=\"wp-block-themeisle-blocks-progress-bar__progress wp-block-themeisle-blocks-progress-bar__number\">0%<\/div><\/div><\/div>\n\n\n\n<div style=\"height:30px\" aria-hidden=\"true\" class=\"wp-block-spacer\"><\/div>\n<\/div>\n\n\n\n<div class=\"wp-block-column has-background is-layout-flow wp-block-column-is-layout-flow\" style=\"border-width:1px;background-color:#ff9100;padding-right:3%;padding-left:3%\">\n<div style=\"height:30px\" aria-hidden=\"true\" class=\"wp-block-spacer\"><\/div>\n\n\n\n<h3 class=\"wp-block-heading has-text-align-center has-ast-global-color-5-color has-text-color has-link-color wp-elements-c28315820a1cd447988b84e3c068b47b\">PROMOTION VENTE<br>Suisse<br>RIKAR4<br>BLACK - ACCESSOIRES DELUXE<br>\u20ac100 DISCOUNT \/ TENT<br>0\/2 SIND BEREIT<br>#186<\/h3>\n\n\n\n<div id=\"wp-block-themeisle-blocks-progress-bar-b203d10c\" class=\"wp-block-themeisle-blocks-progress-bar\" data-percent=\"0\" data-duration=\"2\"><div class=\"wp-block-themeisle-blocks-progress-bar__area\"><div class=\"wp-block-themeisle-blocks-progress-bar__area__title\"><span>PURCHASE NOW!<\/span><\/div><div class=\"wp-block-themeisle-blocks-progress-bar__area__bar\"><\/div><div class=\"wp-block-themeisle-blocks-progress-bar__progress wp-block-themeisle-blocks-progress-bar__number\">0%<\/div><\/div><\/div>\n\n\n\n<div style=\"height:30px\" aria-hidden=\"true\" class=\"wp-block-spacer\"><\/div>\n<\/div>\n<\/div>\n\n\n\n<div style=\"height:30px\" aria-hidden=\"true\" class=\"wp-block-spacer\"><\/div>\n\n\n\n<div class=\"wp-block-buttons is-content-justification-center is-layout-flex wp-container-core-buttons-is-layout-1 wp-block-buttons-is-layout-flex\">\n<div class=\"wp-block-button\"><a class=\"wp-block-button__link wp-element-button\" href=\"https:\/\/actrica.ch\/fr\/kontakt\/\" style=\"border-radius:100px\">Initier plus de surface<\/a><\/div>\n<\/div>\n\n\n\n<div class=\"wp-block-columns is-layout-flex wp-container-core-columns-is-layout-3 wp-block-columns-is-layout-flex\">\n<div class=\"wp-block-column is-layout-flow wp-block-column-is-layout-flow\">\n<h3 class=\"wp-block-heading has-text-align-center has-ast-global-color-0-color has-text-color has-link-color wp-elements-b5e5e298de536821c4252cd36d66c5b9\">2 St\u00fcck = 100 \u20ac RABATT \/ ZELT<br>5 pi\u00e8ces = 200 \u20ac R\u00c9DUCTION \/ TENTE<\/h3>\n\n\n\n<p class=\"has-ast-global-color-1-color has-text-color has-link-color wp-elements-462166590d04fea7b94f20ecae5c395c\" style=\"padding-right:3%;padding-left:3%\">Remarques :<br>1. vous pouvez s\u00e9lectionner les accessoires du \u00ab pack premium \u00bb pour la commande group\u00e9e du \u00ab pack deluxe \u00bb.<br>2. l'ajout d'un \u00e9quipement en bundle n'a aucune incidence sur votre commande.<br>3. vous \u00eates cordialement invit\u00e9(e) \u00e0 initier une nouvelle commande sur un nouveau site. Contactez-nous pour d\u00e9marrer.<\/p>\n<\/div>\n<\/div>\n\n\n\n<div style=\"height:100px\" aria-hidden=\"true\" class=\"wp-block-spacer\"><\/div>\n<\/div>\n<\/div><\/div>","protected":false},"excerpt":{"rendered":"","protected":false},"author":1,"featured_media":0,"parent":0,"menu_order":0,"comment_status":"closed","ping_status":"closed","template":"","meta":{"om_disable_all_campaigns":false,"_monsterinsights_skip_tracking":false,"_monsterinsights_sitenote_active":false,"_monsterinsights_sitenote_note":"","_monsterinsights_sitenote_category":0,"site-sidebar-layout":"default","site-content-layout":"","ast-site-content-layout":"","site-content-style":"default","site-sidebar-style":"default","ast-global-header-display":"","ast-banner-title-visibility":"","ast-main-header-display":"","ast-hfb-above-header-display":"","ast-hfb-below-header-display":"","ast-hfb-mobile-header-display":"","site-post-title":"","ast-breadcrumbs-content":"","ast-featured-img":"","footer-sml-layout":"","theme-transparent-header-meta":"","adv-header-id-meta":"","stick-header-meta":"","header-above-stick-meta":"","header-main-stick-meta":"","header-below-stick-meta":"","astra-migrate-meta-layouts":"default","ast-page-background-enabled":"default","ast-page-background-meta":{"desktop":{"background-color":"var(--ast-global-color-4)","background-image":"","background-repeat":"repeat","background-position":"center center","background-size":"auto","background-attachment":"scroll","background-type":"","background-media":"","overlay-type":"","overlay-color":"","overlay-opacity":"","overlay-gradient":""},"tablet":{"background-color":"","background-image":"","background-repeat":"repeat","background-position":"center center","background-size":"auto","background-attachment":"scroll","background-type":"","background-media":"","overlay-type":"","overlay-color":"","overlay-opacity":"","overlay-gradient":""},"mobile":{"background-color":"","background-image":"","background-repeat":"repeat","background-position":"center center","background-size":"auto","background-attachment":"scroll","background-type":"","background-media":"","overlay-type":"","overlay-color":"","overlay-opacity":"","overlay-gradient":""}},"ast-content-background-meta":{"desktop":{"background-color":"var(--ast-global-color-5)","background-image":"","background-repeat":"repeat","background-position":"center center","background-size":"auto","background-attachment":"scroll","background-type":"","background-media":"","overlay-type":"","overlay-color":"","overlay-opacity":"","overlay-gradient":""},"tablet":{"background-color":"var(--ast-global-color-5)","background-image":"","background-repeat":"repeat","background-position":"center center","background-size":"auto","background-attachment":"scroll","background-type":"","background-media":"","overlay-type":"","overlay-color":"","overlay-opacity":"","overlay-gradient":""},"mobile":{"background-color":"var(--ast-global-color-5)","background-image":"","background-repeat":"repeat","background-position":"center center","background-size":"auto","background-attachment":"scroll","background-type":"","background-media":"","overlay-type":"","overlay-color":"","overlay-opacity":"","overlay-gradient":""}},"_themeisle_gutenberg_block_has_review":false,"footnotes":""},"class_list":["post-3465","page","type-page","status-publish","hentry"],"aioseo_notices":[],"jetpack_sharing_enabled":true,"_links":{"self":[{"href":"https:\/\/actrica.ch\/fr\/wp-json\/wp\/v2\/pages\/3465","targetHints":{"allow":["GET"]}}],"collection":[{"href":"https:\/\/actrica.ch\/fr\/wp-json\/wp\/v2\/pages"}],"about":[{"href":"https:\/\/actrica.ch\/fr\/wp-json\/wp\/v2\/types\/page"}],"author":[{"embeddable":true,"href":"https:\/\/actrica.ch\/fr\/wp-json\/wp\/v2\/users\/1"}],"replies":[{"embeddable":true,"href":"https:\/\/actrica.ch\/fr\/wp-json\/wp\/v2\/comments?post=3465"}],"version-history":[{"count":46,"href":"https:\/\/actrica.ch\/fr\/wp-json\/wp\/v2\/pages\/3465\/revisions"}],"predecessor-version":[{"id":6438,"href":"https:\/\/actrica.ch\/fr\/wp-json\/wp\/v2\/pages\/3465\/revisions\/6438"}],"wp:attachment":[{"href":"https:\/\/actrica.ch\/fr\/wp-json\/wp\/v2\/media?parent=3465"}],"curies":[{"name":"wp","href":"https:\/\/api.w.org\/{rel}","templated":true}]}}