{"id":3451,"date":"2024-07-07T21:05:26","date_gmt":"2024-07-07T18:05:26","guid":{"rendered":"https:\/\/actrica.ch\/?page_id=3451"},"modified":"2024-11-20T16:14:43","modified_gmt":"2024-11-20T14:14:43","slug":"vorbestellung-und-ratenzahlung","status":"publish","type":"page","link":"https:\/\/actrica.ch\/fr\/vorbestellung-und-ratenzahlung\/","title":{"rendered":"Pre-Order &amp; Installment"},"content":{"rendered":"<div id=\"wp-block-themeisle-blocks-advanced-columns-0f2ebaf3\" class=\"wp-block-themeisle-blocks-advanced-columns has-1-columns has-desktop-equal-layout has-tablet-equal-layout has-mobile-equal-layout has-vertical-unset\"><div class=\"wp-block-themeisle-blocks-advanced-columns-overlay\"><\/div><div class=\"innerblocks-wrap\">\n<div id=\"wp-block-themeisle-blocks-advanced-column-848717dd\" class=\"wp-block-themeisle-blocks-advanced-column has-dark-bg\">\n<div style=\"height:130px\" aria-hidden=\"true\" class=\"wp-block-spacer\"><\/div>\n\n\n\n<h2 class=\"wp-block-heading has-ast-global-color-0-color has-text-color has-link-color wp-elements-f21e75f3ea0aa999e53e537bf62fac8b\">Pr\u00e9commande \/ rappel<\/h2>\n\n\n\n<p class=\"has-ast-global-color-1-color has-text-color has-link-color wp-elements-abee65d40f00194b189410f9caddce85\">Veuillez lire attentivement notre politique de pr\u00e9commande afin de bien comprendre les termes et conditions li\u00e9s \u00e0 votre achat.<\/p>\n\n\n\n<p class=\"has-ast-global-color-1-color has-text-color has-link-color wp-elements-cb75c21a06a1757debfe716d8f26e790\"><strong>Acompte<\/strong>Un acompte non remboursable de 30 % est requis pour toute pr\u00e9commande de tente de toit. Cet acompte s\u00e9curise votre commande et lance le processus de fabrication.<\/p>\n\n\n\n<p class=\"has-ast-global-color-1-color has-text-color has-link-color wp-elements-bc637a4020bbe050eeec2001c343b7b7\"><strong>Paiement du solde<\/strong>Le montant restant est d\u00fb avant l'envoi de la tente de toit.<\/p>\n\n\n\n<p class=\"has-ast-global-color-1-color has-text-color has-link-color wp-elements-ad13c45a63be0473d1282728878c4fe0\"><strong>Ex\u00e9cutions sp\u00e9ciales<\/strong>: Veuillez noter que les pr\u00e9commandes comprennent des produits sur mesure, y compris des options de noms ou de caract\u00e9ristiques personnalis\u00e9s. Comme ces articles sont sp\u00e9cialement con\u00e7us pour r\u00e9pondre \u00e0 vos souhaits, ils ne peuvent pas \u00eatre revendus. Par cons\u00e9quent, les articles sur mesure ne sont pas remboursables.<br>Les paiements sont divis\u00e9s en trois parties :<\/p>\n\n\n\n<ol class=\"wp-block-list has-ast-global-color-1-color has-text-color has-link-color wp-elements-a2b0ed50fa12de80e9aecf161f4d79d4\">\n<li><strong>Confirmation de commande<\/strong><\/li>\n\n\n\n<li><strong>Fin de la production<\/strong><\/li>\n\n\n\n<li><strong>Avant l'envoi<\/strong><\/li>\n<\/ol>\n\n\n\n<p class=\"has-ast-global-color-1-color has-text-color has-link-color wp-elements-c399683151ae37f965fa37b008c98461\">En passant une pr\u00e9commande, vous reconnaissez et acceptez ces conditions. Si vous avez des questions ou si vous avez besoin d'\u00e9claircissements suppl\u00e9mentaires, n'h\u00e9sitez pas \u00e0 nous contacter.<\/p>\n\n\n\n<div style=\"height:100px\" aria-hidden=\"true\" class=\"wp-block-spacer\"><\/div>\n\n\n\n<h2 class=\"wp-block-heading has-ast-global-color-0-color has-text-color has-link-color wp-elements-c45fc48c60f0421c900620b89b721b97\">Options de paiement \u00e9chelonn\u00e9<\/h2>\n\n\n\n<p class=\"has-ast-global-color-1-color has-text-color has-link-color wp-elements-56f7067d89aaa41873bfa06977ebe4e8\">Nous sommes heureux d'offrir \u00e0 nos chers clients une option de paiement \u00e9chelonn\u00e9. Vous trouverez ci-dessous les d\u00e9tails de notre politique de paiement \u00e9chelonn\u00e9 afin de vous aider \u00e0 comprendre notre syst\u00e8me.<\/p>\n\n\n\n<h3 class=\"wp-block-heading has-ast-global-color-0-color has-text-color has-link-color wp-elements-c5f8e8f57a2378a600e9eb4827b709e9\">Points importants de notre plan de paiement :<\/h3>\n\n\n\n<ul class=\"wp-block-list has-ast-global-color-1-color has-text-color has-link-color wp-elements-91617b858e23c5403b02cc7f03034cf3\">\n<li><strong>Ind\u00e9pendant des banques<\/strong>Notre plan de paiement \u00e9chelonn\u00e9 n'est pas li\u00e9 \u00e0 des banques ou \u00e0 des fournisseurs externes. Cela signifie que vous pouvez utiliser la plupart des cartes de cr\u00e9dit et de d\u00e9bit, tout comme pour un achat normal dans notre magasin. Veuillez noter qu'Actrica ne re\u00e7oit pas le paiement complet de la banque lorsque la commande est confirm\u00e9e, car le paiement \u00e9chelonn\u00e9 n'est pas fourni par une banque. C'est pourquoi nous avons une politique de paiement anticip\u00e9 de 50 %, comme indiqu\u00e9 ci-dessous.<\/li>\n\n\n\n<li><strong>Paiements sur la base d'un abonnement<\/strong>Les paiements \u00e9chelonn\u00e9s sont consid\u00e9r\u00e9s comme des abonnements \u00e0 notre produit. L'abonnement prend fin d\u00e8s que le paiement int\u00e9gral a \u00e9t\u00e9 effectu\u00e9.<\/li>\n<\/ul>\n\n\n\n<div style=\"height:100px\" aria-hidden=\"true\" class=\"wp-block-spacer\"><\/div>\n\n\n\n<h3 class=\"wp-block-heading has-ast-global-color-0-color has-text-color has-link-color wp-elements-5d9680614465e1fa18e1aa72028bec19\">Plans de paiement \u00e9chelonn\u00e9s individuels :<\/h3>\n\n\n\n<ul class=\"wp-block-list has-ast-global-color-1-color has-text-color has-link-color wp-elements-ff7a9ce0541a0a7ab4e47d90d1b78038\">\n<li><strong>Premier paiement<\/strong>: Typiquement, la moiti\u00e9 du montant total est due au d\u00e9part. Par exemple, si vous achetez des produits d'une valeur de 3000 euros, un paiement initial de 1500 euros est n\u00e9cessaire. Cette mesure nous aide \u00e0 garantir 50 % du paiement \u00e0 l'avance afin d'\u00e9viter les fraudes. Ce paiement partiel est divis\u00e9 en deux parties : Acompte et paiement avant l'exp\u00e9dition.<\/li>\n\n\n\n<li><strong>Plans de paiement flexibles<\/strong>: Les calendriers de paiement peuvent \u00eatre adapt\u00e9s \u00e0 vos besoins. Que vous pr\u00e9f\u00e9riez des intervalles quotidiens, mensuels, trimestriels ou autres, nous r\u00e9pondrons \u00e0 votre demande.<\/li>\n\n\n\n<li><strong>Identification n\u00e9cessaire<\/strong>Une copie de votre pi\u00e8ce d'identit\u00e9 est n\u00e9cessaire pour continuer avec un plan de paiement \u00e9chelonn\u00e9. Cela nous aide \u00e0 nous assurer que la transaction est s\u00fbre et l\u00e9gale. Des mesures juridiques peuvent \u00eatre prises si les paiements d'abonnement ne sont pas termin\u00e9s comme convenu.<\/li>\n\n\n\n<li><strong>D\u00e9lai de paiement<\/strong>Les clients peuvent g\u00e9n\u00e9ralement \u00e9chelonner leurs paiements sur une p\u00e9riode allant jusqu'\u00e0 1 an.<\/li>\n<\/ul>\n\n\n\n<div class=\"wp-block-columns is-layout-flex wp-container-core-columns-is-layout-2 wp-block-columns-is-layout-flex\">\n<div class=\"wp-block-column has-border-color has-white-border-color is-layout-flow wp-block-column-is-layout-flow\" style=\"border-width:1px;flex-basis:66.66%\">\n<h2 class=\"wp-block-heading has-text-align-center\">50% premier d\u00e9p\u00f4t<\/h2>\n\n\n\n<div class=\"wp-block-columns has-border-color has-white-border-color is-layout-flex wp-container-core-columns-is-layout-1 wp-block-columns-is-layout-flex\" style=\"border-width:1px\">\n<div class=\"wp-block-column is-layout-flow wp-block-column-is-layout-flow\">\n<h3 class=\"wp-block-heading has-text-align-center has-ast-global-color-3-color has-text-color has-link-color wp-elements-7d4434cc8611b393a9a8e225fdecdd3d\">30% d'acompte<\/h3>\n\n\n\n<p class=\"has-text-align-center\">Acompte pour la confirmation de commande<\/p>\n<\/div>\n\n\n\n<div class=\"wp-block-column has-border-color has-white-border-color is-layout-flow wp-block-column-is-layout-flow\" style=\"border-width:1px\">\n<h3 class=\"wp-block-heading has-text-align-center has-ast-global-color-1-color has-text-color has-link-color wp-elements-bbd56afb440ab1d262eb321c4a2a7a4c\">20% Paiement du solde<\/h3>\n\n\n\n<p class=\"has-text-align-center\">Paiement int\u00e9gral avant l'envoi<\/p>\n<\/div>\n<\/div>\n<\/div>\n\n\n\n<div class=\"wp-block-column has-border-color has-white-border-color is-layout-flow wp-block-column-is-layout-flow\" style=\"border-width:1px;flex-basis:33.33%\">\n<h2 class=\"wp-block-heading has-text-align-center\">Paiement de 50% restant<\/h2>\n\n\n\n<div style=\"height:30px\" aria-hidden=\"true\" class=\"wp-block-spacer\"><\/div>\n\n\n\n<p class=\"has-text-align-center\">Plan individuel, jusqu'\u00e0 un an (pas de frais d'int\u00e9r\u00eat)<\/p>\n<\/div>\n<\/div>\n\n\n\n<div style=\"height:100px\" aria-hidden=\"true\" class=\"wp-block-spacer\"><\/div>\n\n\n\n<h3 class=\"wp-block-heading has-ast-global-color-0-color has-text-color has-link-color wp-elements-a7ef9ab6811795779cbcb541408fb244\">Comment proc\u00e9der :<\/h3>\n\n\n\n<p class=\"has-ast-global-color-1-color has-text-color has-link-color wp-elements-68cc4caa0ba6cf47acbf2621b9c71562\">Pour plus d'informations et pour mettre en place votre plan de paiement \u00e9chelonn\u00e9 personnalis\u00e9, veuillez nous contacter directement. Notre \u00e9quipe mettra en place un plan de paiement adapt\u00e9 \u00e0 vos besoins.<\/p>\n\n\n\n<p class=\"has-ast-global-color-1-color has-text-color has-link-color wp-elements-2db79f5a16ce2aaa4bfff37078be0d10\">Si vous avez des questions ou si vous souhaitez mettre en place un plan de paiement \u00e9chelonn\u00e9, n'h\u00e9sitez pas \u00e0 nous contacter !<\/p>\n\n\n\n<div style=\"height:100px\" aria-hidden=\"true\" class=\"wp-block-spacer\"><\/div>\n<\/div>\n<\/div><\/div>","protected":false},"excerpt":{"rendered":"","protected":false},"author":1,"featured_media":0,"parent":0,"menu_order":0,"comment_status":"closed","ping_status":"closed","template":"","meta":{"om_disable_all_campaigns":false,"_monsterinsights_skip_tracking":false,"_monsterinsights_sitenote_active":false,"_monsterinsights_sitenote_note":"","_monsterinsights_sitenote_category":0,"site-sidebar-layout":"default","site-content-layout":"","ast-site-content-layout":"","site-content-style":"default","site-sidebar-style":"default","ast-global-header-display":"","ast-banner-title-visibility":"","ast-main-header-display":"","ast-hfb-above-header-display":"","ast-hfb-below-header-display":"","ast-hfb-mobile-header-display":"","site-post-title":"","ast-breadcrumbs-content":"","ast-featured-img":"","footer-sml-layout":"","theme-transparent-header-meta":"","adv-header-id-meta":"","stick-header-meta":"","header-above-stick-meta":"","header-main-stick-meta":"","header-below-stick-meta":"","astra-migrate-meta-layouts":"default","ast-page-background-enabled":"default","ast-page-background-meta":{"desktop":{"background-color":"var(--ast-global-color-4)","background-image":"","background-repeat":"repeat","background-position":"center center","background-size":"auto","background-attachment":"scroll","background-type":"","background-media":"","overlay-type":"","overlay-color":"","overlay-opacity":"","overlay-gradient":""},"tablet":{"background-color":"","background-image":"","background-repeat":"repeat","background-position":"center center","background-size":"auto","background-attachment":"scroll","background-type":"","background-media":"","overlay-type":"","overlay-color":"","overlay-opacity":"","overlay-gradient":""},"mobile":{"background-color":"","background-image":"","background-repeat":"repeat","background-position":"center center","background-size":"auto","background-attachment":"scroll","background-type":"","background-media":"","overlay-type":"","overlay-color":"","overlay-opacity":"","overlay-gradient":""}},"ast-content-background-meta":{"desktop":{"background-color":"var(--ast-global-color-5)","background-image":"","background-repeat":"repeat","background-position":"center center","background-size":"auto","background-attachment":"scroll","background-type":"","background-media":"","overlay-type":"","overlay-color":"","overlay-opacity":"","overlay-gradient":""},"tablet":{"background-color":"var(--ast-global-color-5)","background-image":"","background-repeat":"repeat","background-position":"center center","background-size":"auto","background-attachment":"scroll","background-type":"","background-media":"","overlay-type":"","overlay-color":"","overlay-opacity":"","overlay-gradient":""},"mobile":{"background-color":"var(--ast-global-color-5)","background-image":"","background-repeat":"repeat","background-position":"center center","background-size":"auto","background-attachment":"scroll","background-type":"","background-media":"","overlay-type":"","overlay-color":"","overlay-opacity":"","overlay-gradient":""}},"_themeisle_gutenberg_block_has_review":false,"footnotes":""},"class_list":["post-3451","page","type-page","status-publish","hentry"],"aioseo_notices":[],"jetpack_sharing_enabled":true,"_links":{"self":[{"href":"https:\/\/actrica.ch\/fr\/wp-json\/wp\/v2\/pages\/3451","targetHints":{"allow":["GET"]}}],"collection":[{"href":"https:\/\/actrica.ch\/fr\/wp-json\/wp\/v2\/pages"}],"about":[{"href":"https:\/\/actrica.ch\/fr\/wp-json\/wp\/v2\/types\/page"}],"author":[{"embeddable":true,"href":"https:\/\/actrica.ch\/fr\/wp-json\/wp\/v2\/users\/1"}],"replies":[{"embeddable":true,"href":"https:\/\/actrica.ch\/fr\/wp-json\/wp\/v2\/comments?post=3451"}],"version-history":[{"count":11,"href":"https:\/\/actrica.ch\/fr\/wp-json\/wp\/v2\/pages\/3451\/revisions"}],"predecessor-version":[{"id":5736,"href":"https:\/\/actrica.ch\/fr\/wp-json\/wp\/v2\/pages\/3451\/revisions\/5736"}],"wp:attachment":[{"href":"https:\/\/actrica.ch\/fr\/wp-json\/wp\/v2\/media?parent=3451"}],"curies":[{"name":"wp","href":"https:\/\/api.w.org\/{rel}","templated":true}]}}