{"id":195,"date":"2020-02-19T14:11:53","date_gmt":"2020-02-19T14:11:53","guid":{"rendered":"https:\/\/demosites.io\/fitness-gb\/?page_id=195"},"modified":"2024-11-19T16:36:01","modified_gmt":"2024-11-19T14:36:01","slug":"datenschutz-bedingungen","status":"publish","type":"page","link":"https:\/\/actrica.ch\/fr\/datenschutz-bedingungen\/","title":{"rendered":"Privacy &#038; Terms"},"content":{"rendered":"<div id=\"wp-block-themeisle-blocks-advanced-columns-33962adf\" class=\"wp-block-themeisle-blocks-advanced-columns has-1-columns has-desktop-equal-layout has-tablet-equal-layout has-mobile-equal-layout has-vertical-unset\"><div class=\"wp-block-themeisle-blocks-advanced-columns-overlay\"><\/div><div class=\"innerblocks-wrap\">\n<div id=\"wp-block-themeisle-blocks-advanced-column-02cc6443\" class=\"wp-block-themeisle-blocks-advanced-column has-dark-bg\">\n<div style=\"height:100px\" aria-hidden=\"true\" class=\"wp-block-spacer\"><\/div>\n\n\n\n<p><\/p>\n\n\n\n<h2 class=\"wp-block-heading\">Datenschutz &amp; Nutzungsbedingungen<\/h2>\n\n\n\n<h3 class=\"wp-block-heading\">Datenschutzerkl\u00e4rung<\/h3>\n\n\n\n<p>Vielen Dank, dass Sie unsere Website besuchen. Diese Datenschutzerkl\u00e4rung beschreibt, wie wir Ihre pers\u00f6nlichen Informationen sammeln, verwenden und sch\u00fctzen, wenn Sie mit unserer Website interagieren. Durch die Nutzung unserer Website stimmen Sie den in dieser Richtlinie beschriebenen Praktiken zu.<\/p>\n\n\n\n<ol class=\"wp-block-list\">\n<li><strong>Informationen, die wir sammeln:<\/strong>\n<ul class=\"wp-block-list\">\n<li><strong>Pers\u00f6nliche Informationen<\/strong>: Wir k\u00f6nnen pers\u00f6nliche Informationen wie Ihren Namen, Ihre E-Mail-Adresse, Kontaktdaten und andere Informationen sammeln, die Sie freiwillig bereitstellen, wenn Sie mit unserer Website interagieren, sich f\u00fcr unseren Newsletter anmelden oder Anfragen \u00fcber unsere Kontaktformulare einreichen.<\/li>\n\n\n\n<li><strong>Nutzungsinformationen<\/strong>: Wir k\u00f6nnen nicht-personenbezogene Informationen \u00fcber Ihre Interaktionen mit unserer Website sammeln, wie z.B. Ihre IP-Adresse, Browsertyp, Ger\u00e4teinformationen und Nutzungsdaten der Website durch die Verwendung von Cookies oder \u00e4hnlichen Technologien.<\/li>\n<\/ul>\n<\/li>\n\n\n\n<li><strong>Verwendung der Informationen:<\/strong>\n<ul class=\"wp-block-list\">\n<li><strong>Pers\u00f6nliche Informationen<\/strong>: Wir k\u00f6nnen Ihre pers\u00f6nlichen Informationen verwenden, um auf Ihre Anfragen zu reagieren, angeforderte Dienstleistungen bereitzustellen, Ihr Erlebnis auf unserer Website zu personalisieren, Newsletter oder Werbe-E-Mails zu versenden (wenn Sie sich angemeldet haben) und unsere Website sowie unsere Dienstleistungen zu verbessern.<\/li>\n\n\n\n<li><strong>Nutzungsinformationen<\/strong>: Wir k\u00f6nnen nicht-personenbezogene Informationen f\u00fcr statistische Analysen, die Verwaltung der Website, die Verbesserung unserer Website und Dienstleistungen sowie zur Verbesserung der Benutzererfahrung verwenden.<\/li>\n<\/ul>\n<\/li>\n\n\n\n<li><strong>Datenweitergabe und Offenlegung:<\/strong>\n<ul class=\"wp-block-list\">\n<li>Wir verkaufen, handeln oder vermieten Ihre pers\u00f6nlichen Informationen nicht an Dritte ohne Ihre ausdr\u00fcckliche Zustimmung, es sei denn, dies ist in dieser Datenschutzerkl\u00e4rung beschrieben.<\/li>\n\n\n\n<li>Wir k\u00f6nnen Ihre pers\u00f6nlichen Informationen mit vertrauensw\u00fcrdigen Drittanbietern teilen, die uns bei der Verwaltung unserer Website oder der Bereitstellung von Dienstleistungen f\u00fcr Sie unterst\u00fctzen, vorbehaltlich von Vertraulichkeitsverpflichtungen.<\/li>\n\n\n\n<li>Wir k\u00f6nnen Ihre pers\u00f6nlichen Informationen offenlegen, wenn dies gesetzlich vorgeschrieben ist, als Reaktion auf eine gerichtliche Anordnung oder Vorladung oder um unsere Rechte, unser Eigentum oder unsere Sicherheit sowie die Rechte, das Eigentum oder die Sicherheit anderer zu sch\u00fctzen.<\/li>\n<\/ul>\n<\/li>\n\n\n\n<li><strong>Datensicherheit: :<\/strong>\n<ul class=\"wp-block-list\">\n<li>Wir implementieren angemessene Sicherheitsma\u00dfnahmen zum Schutz Ihrer pers\u00f6nlichen Informationen vor unbefugtem Zugriff, Ver\u00e4nderung, Offenlegung oder Zerst\u00f6rung.<\/li>\n\n\n\n<li>Obwohl wir bestrebt sind, Ihre pers\u00f6nlichen Informationen zu sch\u00fctzen, beachten Sie bitte, dass keine Methode der \u00dcbertragung \u00fcber das Internet oder der elektronischen Speicherung 100 % sicher ist. Daher k\u00f6nnen wir keine absolute Sicherheit garantieren.<\/li>\n<\/ul>\n<\/li>\n\n\n\n<li><strong>Links zu Drittanbietern:<\/strong>\n<ul class=\"wp-block-list\">\n<li>Unsere Website kann Links zu Websites von Drittanbietern enthalten. Wir sind nicht verantwortlich f\u00fcr die Datenschutzpraktiken oder den Inhalt dieser Websites. Wir empfehlen Ihnen, die Datenschutzrichtlinien aller Drittanbieter-Websites zu \u00fcberpr\u00fcfen, die Sie besuchen.<\/li>\n<\/ul>\n<\/li>\n\n\n\n<li><strong>\u00c4nderungen dieser Datenschutzerkl\u00e4rung:<\/strong>\n<ul class=\"wp-block-list\">\n<li>Wir behalten uns das Recht vor, diese Datenschutzerkl\u00e4rung jederzeit zu \u00e4ndern oder zu aktualisieren. \u00c4nderungen treten sofort nach Ver\u00f6ffentlichung der aktualisierten Richtlinie auf unserer Website in Kraft. Wir empfehlen Ihnen, diese Datenschutzerkl\u00e4rung regelm\u00e4\u00dfig zu \u00fcberpr\u00fcfen.<\/li>\n<\/ul>\n<\/li>\n<\/ol>\n\n\n\n<p>Wenn Sie Fragen oder Bedenken zu unserer Datenschutzerkl\u00e4rung haben, kontaktieren Sie uns bitte \u00fcber die auf unserer Website angegebenen Kan\u00e4le.<\/p>\n\n\n\n<p><\/p>\n\n\n\n<p><\/p>\n\n\n\n<h3 class=\"wp-block-heading\">Conditions d'utilisation<\/h3>\n\n\n\n<p>Bitte lesen Sie diese Nutzungsbedingungen sorgf\u00e4ltig durch, bevor Sie unsere Website nutzen. Durch den Zugriff auf unsere Website oder deren Nutzung erkl\u00e4ren Sie sich mit diesen Nutzungsbedingungen einverstanden.<\/p>\n\n\n\n<ol class=\"wp-block-list\">\n<li><strong>Geistiges Eigentum:<\/strong>\n<ul class=\"wp-block-list\">\n<li>Alle Inhalte auf unserer Website, einschlie\u00dflich Texte, Grafiken, Logos, Bilder, Audio-Clips, Videos und Software, sind Eigentum von Actrica oder ihren Inhaltsanbietern und sind durch Gesetze zum geistigen Eigentum gesch\u00fctzt.<\/li>\n\n\n\n<li>Sie d\u00fcrfen die Inhalte auf unserer Website ohne vorherige schriftliche Genehmigung von Actrica nicht verwenden, reproduzieren, verteilen, modifizieren oder abgeleitete Werke erstellen.<\/li>\n<\/ul>\n<\/li>\n\n\n\n<li><strong>Nutzung der Website:<\/strong>\n<ul class=\"wp-block-list\">\n<li>Sie stimmen zu, unsere Website nur f\u00fcr rechtm\u00e4\u00dfige Zwecke und in einer Weise zu nutzen, die mit diesen Nutzungsbedingungen \u00fcbereinstimmt.<\/li>\n\n\n\n<li>Sie d\u00fcrfen keine Aktivit\u00e4ten durchf\u00fchren, die die Funktionsweise unserer Website besch\u00e4digen, deaktivieren oder beeintr\u00e4chtigen k\u00f6nnten oder den Zugriff anderer Benutzer auf unsere Website st\u00f6ren k\u00f6nnten.<\/li>\n<\/ul>\n<\/li>\n\n\n\n<li><strong>Haftungsausschluss:<\/strong>\n<ul class=\"wp-block-list\">\n<li>Die auf unserer Website bereitgestellten Informationen dienen nur allgemeinen Informationszwecken. Wir geben keine Zusicherungen oder Gew\u00e4hrleistungen jeglicher Art ab, weder ausdr\u00fccklich noch stillschweigend hinsichtlich der Genauigkeit, Vollst\u00e4ndigkeit, Zuverl\u00e4ssigkeit oder Eignung der Informationen auf unserer Website.<\/li>\n\n\n\n<li>Wir behalten uns das Recht vor, jeden Aspekt unserer Website ohne Vorank\u00fcndigung zu \u00e4ndern oder einzustellen.<\/li>\n<\/ul>\n<\/li>\n\n\n\n<li><strong>Haftungsbeschr\u00e4nkung:<\/strong>\n<ul class=\"wp-block-list\">\n<li>Soweit gesetzlich zul\u00e4ssig haften Actrica und ihre Tochtergesellschaften, leitenden Angestellten, Direktoren, Mitarbeiter, Vertreter und Lieferanten nicht f\u00fcr direkte, indirekte, zuf\u00e4llige, Folgesch\u00e4den oder Strafsch\u00e4den aus oder im Zusammenhang mit Ihrer Nutzung unserer Website.<\/li>\n<\/ul>\n<\/li>\n<\/ol>\n<\/div>\n<\/div><\/div>","protected":false},"excerpt":{"rendered":"","protected":false},"author":1,"featured_media":0,"parent":0,"menu_order":0,"comment_status":"closed","ping_status":"closed","template":"","meta":{"om_disable_all_campaigns":false,"_monsterinsights_skip_tracking":false,"_monsterinsights_sitenote_active":false,"_monsterinsights_sitenote_note":"","_monsterinsights_sitenote_category":0,"site-sidebar-layout":"default","site-content-layout":"","ast-site-content-layout":"","site-content-style":"default","site-sidebar-style":"default","ast-global-header-display":"","ast-banner-title-visibility":"","ast-main-header-display":"","ast-hfb-above-header-display":"","ast-hfb-below-header-display":"","ast-hfb-mobile-header-display":"","site-post-title":"","ast-breadcrumbs-content":"","ast-featured-img":"","footer-sml-layout":"","theme-transparent-header-meta":"","adv-header-id-meta":"","stick-header-meta":"","header-above-stick-meta":"","header-main-stick-meta":"","header-below-stick-meta":"","astra-migrate-meta-layouts":"default","ast-page-background-enabled":"default","ast-page-background-meta":{"desktop":{"background-color":"var(--ast-global-color-4)","background-image":"","background-repeat":"repeat","background-position":"center center","background-size":"auto","background-attachment":"scroll","background-type":"","background-media":"","overlay-type":"","overlay-color":"","overlay-opacity":"","overlay-gradient":""},"tablet":{"background-color":"","background-image":"","background-repeat":"repeat","background-position":"center center","background-size":"auto","background-attachment":"scroll","background-type":"","background-media":"","overlay-type":"","overlay-color":"","overlay-opacity":"","overlay-gradient":""},"mobile":{"background-color":"","background-image":"","background-repeat":"repeat","background-position":"center center","background-size":"auto","background-attachment":"scroll","background-type":"","background-media":"","overlay-type":"","overlay-color":"","overlay-opacity":"","overlay-gradient":""}},"ast-content-background-meta":{"desktop":{"background-color":"var(--ast-global-color-5)","background-image":"","background-repeat":"repeat","background-position":"center center","background-size":"auto","background-attachment":"scroll","background-type":"","background-media":"","overlay-type":"","overlay-color":"","overlay-opacity":"","overlay-gradient":""},"tablet":{"background-color":"var(--ast-global-color-5)","background-image":"","background-repeat":"repeat","background-position":"center center","background-size":"auto","background-attachment":"scroll","background-type":"","background-media":"","overlay-type":"","overlay-color":"","overlay-opacity":"","overlay-gradient":""},"mobile":{"background-color":"var(--ast-global-color-5)","background-image":"","background-repeat":"repeat","background-position":"center center","background-size":"auto","background-attachment":"scroll","background-type":"","background-media":"","overlay-type":"","overlay-color":"","overlay-opacity":"","overlay-gradient":""}},"_themeisle_gutenberg_block_has_review":false,"footnotes":""},"class_list":["post-195","page","type-page","status-publish","hentry"],"aioseo_notices":[],"jetpack_sharing_enabled":true,"_links":{"self":[{"href":"https:\/\/actrica.ch\/fr\/wp-json\/wp\/v2\/pages\/195","targetHints":{"allow":["GET"]}}],"collection":[{"href":"https:\/\/actrica.ch\/fr\/wp-json\/wp\/v2\/pages"}],"about":[{"href":"https:\/\/actrica.ch\/fr\/wp-json\/wp\/v2\/types\/page"}],"author":[{"embeddable":true,"href":"https:\/\/actrica.ch\/fr\/wp-json\/wp\/v2\/users\/1"}],"replies":[{"embeddable":true,"href":"https:\/\/actrica.ch\/fr\/wp-json\/wp\/v2\/comments?post=195"}],"version-history":[{"count":8,"href":"https:\/\/actrica.ch\/fr\/wp-json\/wp\/v2\/pages\/195\/revisions"}],"predecessor-version":[{"id":5738,"href":"https:\/\/actrica.ch\/fr\/wp-json\/wp\/v2\/pages\/195\/revisions\/5738"}],"wp:attachment":[{"href":"https:\/\/actrica.ch\/fr\/wp-json\/wp\/v2\/media?parent=195"}],"curies":[{"name":"wp","href":"https:\/\/api.w.org\/{rel}","templated":true}]}}