{"id":2062,"date":"2024-04-25T16:14:24","date_gmt":"2024-04-25T08:14:24","guid":{"rendered":"https:\/\/actrica.ch\/?post_type=product&#038;p=2062"},"modified":"2025-04-03T12:30:34","modified_gmt":"2025-04-03T09:30:34","slug":"tritox5-shop","status":"publish","type":"product","link":"https:\/\/actrica.ch\/de\/shop\/dachzelt\/tritox5-shop\/","title":{"rendered":"TRITOX5 &#8211; Shop"},"content":{"rendered":"<h2>TRITOX5<\/h2>\n<h2 class=\"mb-2 mt-6 text-lg first:mt-3\">Hartschalen-Dachzelt<\/h2>\n<p>Innenma\u00dfe (ca.): 200 x 138 x 138 cm<\/p>\n<p>Au\u00dfenma\u00dfe (ca.): 210 x 145 x 150 cm<\/p>\n<p>Gr\u00f6\u00dfe zusammengeklappt (ca.): 210 x 145 x 22 cm<\/p>\n<p><strong>Personen<\/strong>: 2 Erwachsene + 1 Kind<\/p>\n<p><strong>Gewicht<\/strong>: ~70 kg netto<\/p>\n<p><strong>Schnelle Bereitstellung, schnelles Packen<\/strong><\/p>\n<p>Erfordert &gt;75 cm L\u00e4nge f\u00fcr die Dachtr\u00e4gerinstallation. Bitte messen Sie nur die L\u00e4ngen der Stangen, schlie\u00dfen Sie die L\u00e4nge des seitlichen Kunststoffteils, das sich unter der Stange befindet, nicht ein. In der Regel wird es bei kleinen Autos nach hinten schmaler. Es k\u00f6nnte sein, dass es nicht zu den Dachtr\u00e4gern Ihres Autos passt.<\/p>\n<p>&nbsp;<\/p>\n<p>Material :<\/p>\n<ul>\n<li>Aluminiumlegierungsschale<\/li>\n<li>Wabenstruktur<\/li>\n<li>Leichter Aluminiumlegierungsrahmen<\/li>\n<li>320D Polyester-Baumwolle PU-beschichtet, wasserdicht bis 3000 mm<\/li>\n<li>110 g Netz<\/li>\n<\/ul>\n<p>&nbsp;<\/p>\n<p class=\"mb-2 mt-6 text-lg first:mt-3\">Farbe:<\/p>\n<ul>\n<li>Schwarz \/ Grau \/ Gr\u00fcn \/ Khaki (Farbphotos k\u00f6nnen je nach Ger\u00e4t variieren)<\/li>\n<li>Nur der Stoff. Schale in Schwarz.<\/li>\n<\/ul>\n<p>&nbsp;<\/p>\n<h2 class=\"mb-2 mt-6 text-lg first:mt-3\">Zubeh\u00f6r:<\/h2>\n<p>1. Essential-Paket:<\/p>\n<ul>\n<li>2,3m Teleskopleiter aus Aluminiumlegierung<\/li>\n<li>5cm Matratze (Schaumstoff)<\/li>\n<li>2 Schuhbeutel<\/li>\n<li>Innere Aufbewahrungstaschen<\/li>\n<li>Hydraulische Druckstange mit X-Struktur<\/li>\n<li>M\u00fcckennetz<\/li>\n<li>2 Zeltverriegelungspunkte<\/li>\n<\/ul>\n<p>&nbsp;<\/p>\n<p>2. Deluxe Paket :<\/p>\n<ul>\n<li>Individuelle Aluminium-Namens-\/Nummernschilder<\/li>\n<li>Einzigartige Muttern und Schrauben mit Werkzeugen<\/li>\n<li>7cm Matratze (Schaumstoff) (Upgrade)<\/li>\n<li>Kondensationspad (Feuchtigkeitsresistent, abnehmbar)<\/li>\n<li>Schwarze Marine-Decke (Feuchtigkeitsaufnahme)<\/li>\n<li>Hydraulische Druckstange aus Edelstahl<\/li>\n<li>Innere LED-Lichtleiste<\/li>\n<li>Zus\u00e4tzliche Querstange f\u00fcr Schale<\/li>\n<li>Eckenschutz aus Aluminiumlegierung<\/li>\n<li>12V Anderson-Stecker und Stromsystem<\/li>\n<\/ul>\n<p>&nbsp;<\/p>\n<p>3. Premium Paket<\/p>\n<ul>\n<li>Anderson Externer Stecker + 2 Meter Kabel<\/li>\n<li>Blaue Canvas-Abdeckung 4x3m<\/li>\n<li>12V Zigarettensteckeradapter Strompanel<\/li>\n<li>Bettw\u00e4sche mit elastischen Kanten x2<\/li>\n<li>Autotrittbrett x1<\/li>\n<li>GPS-Tag x2 (IOS)<\/li>\n<li><span style=\"font-size: 16px;\">Notfall-Taschenlampe<\/span><\/li>\n<li><span style=\"font-size: 16px;\">Reflektierende silberne Blasenschicht 2x1m<\/span><\/li>\n<\/ul>\n<p>&nbsp;<\/p>\n<p><a href=\"https:\/\/actrica.ch\/de\/zubehoer-shop\/\">B\u00fcndel-Kauf-Rabatt: Markise 2.0, Duschzelt, Solarpanel &amp; Universelle Dachtr\u00e4ger<\/a><\/p>\n<p>&nbsp;<\/p>\n<p>Versand:<\/p>\n<ul>\n<li>Kaufen Sie unseren Lagerartikel und holen Sie ihn selbst ab oder zahlen Sie zus\u00e4tzliche Geb\u00fchren f\u00fcr den nationalen Versand.<\/li>\n<li>Vorbestellungen ben\u00f6tigen 50-70 Tage f\u00fcr Produktion und Versand.<\/li>\n<\/ul>\n<p>&nbsp;<\/p>\n<p>Alle Daten dienen nur zur Information; das tats\u00e4chliche Produkt dient als Standard.<\/p>\n<p>&nbsp;<\/p>\n<h3><a href=\"https:\/\/actrica.ch\/kontakt\/\">Kontaktieren Sie uns f\u00fcr weitere Informationen.<\/a><\/h3>\n<h3><a href=\"https:\/\/actrica.ch\/kontakt\/\">Individuelle Ratenzahlungspl\u00e4ne verf\u00fcgbar.<\/a><\/h3>\n<div class=\"wp-block-column is-layout-flow wp-block-column-is-layout-flow\">\n<div class=\"wp-block-column is-layout-flow wp-block-column-is-layout-flow\"><\/div>\n<\/div>\n","protected":false},"excerpt":{"rendered":"<p>Hardshell-Dachzelt<\/p>\n<p><strong>Preis inklusive Mehrwertsteuer + Internationaler Versand<\/strong><\/p>\n<p>205 x 140 x 138 cm , 70kg<\/p>\n<p>2 Erwachsene + 1 Kind<\/p>\n<p>Aluminium-Legierung, 320D Polyester-Baumwolle, 110g Mesh<\/p>\n<p>Zubeh\u00f6r : Leiter, Matratze, Aufbewahrungstaschen, Lichtleiste, Hydraulikstange, Anderson-Stecker etc.<\/p>\n<p><a href=\"https:\/\/actrica.ch\/de\/zubehoer-shop\/\">Paketkauf : Universal-Dachtr\u00e4ger, Markise 2.0, Duschzelt, Solarpanel<\/a><\/p>\n<p>Versand : Abholung oder zus\u00e4tzliche Versandgeb\u00fchren im Inland<\/p>\n<p>R\u00fcckst\u00e4ndige Bestellungen : 50-70 Tage f\u00fcr Produktion und Versand<\/p>\n<p>&nbsp;<\/p>\n<h3><a href=\"https:\/\/actrica.ch\/kontakt\/\">Kontaktieren Sie uns f\u00fcr weitere Informationen.<\/a><\/h3>\n<h3><a href=\"https:\/\/actrica.ch\/kontakt\/\">Individuelle Ratenzahlungspl\u00e4ne verf\u00fcgbar.<\/a><\/h3>\n","protected":false},"featured_media":4478,"template":"","meta":{"om_disable_all_campaigns":false,"_monsterinsights_skip_tracking":false,"_monsterinsights_sitenote_active":false,"_monsterinsights_sitenote_note":"","_monsterinsights_sitenote_category":0,"site-sidebar-layout":"default","site-content-layout":"","ast-site-content-layout":"default","site-content-style":"default","site-sidebar-style":"default","ast-global-header-display":"","ast-banner-title-visibility":"","ast-main-header-display":"","ast-hfb-above-header-display":"","ast-hfb-below-header-display":"","ast-hfb-mobile-header-display":"","site-post-title":"","ast-breadcrumbs-content":"","ast-featured-img":"","footer-sml-layout":"","theme-transparent-header-meta":"default","adv-header-id-meta":"","stick-header-meta":"","header-above-stick-meta":"","header-main-stick-meta":"","header-below-stick-meta":"","astra-migrate-meta-layouts":"set","ast-page-background-enabled":"default","ast-page-background-meta":{"desktop":{"background-color":"var(--ast-global-color-4)","background-image":"","background-repeat":"repeat","background-position":"center center","background-size":"auto","background-attachment":"scroll","background-type":"","background-media":"","overlay-type":"","overlay-color":"","overlay-opacity":"","overlay-gradient":""},"tablet":{"background-color":"","background-image":"","background-repeat":"repeat","background-position":"center center","background-size":"auto","background-attachment":"scroll","background-type":"","background-media":"","overlay-type":"","overlay-color":"","overlay-opacity":"","overlay-gradient":""},"mobile":{"background-color":"","background-image":"","background-repeat":"repeat","background-position":"center center","background-size":"auto","background-attachment":"scroll","background-type":"","background-media":"","overlay-type":"","overlay-color":"","overlay-opacity":"","overlay-gradient":""}},"ast-content-background-meta":{"desktop":{"background-color":"var(--ast-global-color-5)","background-image":"","background-repeat":"repeat","background-position":"center center","background-size":"auto","background-attachment":"scroll","background-type":"","background-media":"","overlay-type":"","overlay-color":"","overlay-opacity":"","overlay-gradient":""},"tablet":{"background-color":"var(--ast-global-color-5)","background-image":"","background-repeat":"repeat","background-position":"center center","background-size":"auto","background-attachment":"scroll","background-type":"","background-media":"","overlay-type":"","overlay-color":"","overlay-opacity":"","overlay-gradient":""},"mobile":{"background-color":"var(--ast-global-color-5)","background-image":"","background-repeat":"repeat","background-position":"center center","background-size":"auto","background-attachment":"scroll","background-type":"","background-media":"","overlay-type":"","overlay-color":"","overlay-opacity":"","overlay-gradient":""}},"_themeisle_gutenberg_block_has_review":false},"product_brand":[],"product_cat":[24],"product_tag":[],"class_list":{"0":"post-2062","1":"product","2":"type-product","3":"status-publish","4":"has-post-thumbnail","6":"product_cat-dachzelt","7":"desktop-align-left","8":"tablet-align-left","9":"mobile-align-left","11":"first","12":"onbackorder","13":"shipping-taxable","14":"purchasable","15":"product-type-variable","16":"has-default-attributes"},"aioseo_notices":[],"jetpack_sharing_enabled":true,"_links":{"self":[{"href":"https:\/\/actrica.ch\/de\/wp-json\/wp\/v2\/product\/2062","targetHints":{"allow":["GET"]}}],"collection":[{"href":"https:\/\/actrica.ch\/de\/wp-json\/wp\/v2\/product"}],"about":[{"href":"https:\/\/actrica.ch\/de\/wp-json\/wp\/v2\/types\/product"}],"wp:featuredmedia":[{"embeddable":true,"href":"https:\/\/actrica.ch\/de\/wp-json\/wp\/v2\/media\/4478"}],"wp:attachment":[{"href":"https:\/\/actrica.ch\/de\/wp-json\/wp\/v2\/media?parent=2062"}],"wp:term":[{"taxonomy":"product_brand","embeddable":true,"href":"https:\/\/actrica.ch\/de\/wp-json\/wp\/v2\/product_brand?post=2062"},{"taxonomy":"product_cat","embeddable":true,"href":"https:\/\/actrica.ch\/de\/wp-json\/wp\/v2\/product_cat?post=2062"},{"taxonomy":"product_tag","embeddable":true,"href":"https:\/\/actrica.ch\/de\/wp-json\/wp\/v2\/product_tag?post=2062"}],"curies":[{"name":"wp","href":"https:\/\/api.w.org\/{rel}","templated":true}]}}