{"id":4575,"date":"2024-09-11T06:13:43","date_gmt":"2024-09-11T03:13:43","guid":{"rendered":"https:\/\/actrica.ch\/?page_id=4575"},"modified":"2024-11-20T16:12:33","modified_gmt":"2024-11-20T14:12:33","slug":"vertriebspartner-haendler","status":"publish","type":"page","link":"https:\/\/actrica.ch\/de\/vertriebspartner-haendler\/","title":{"rendered":"Distributor\/Dealership"},"content":{"rendered":"\n<div id=\"wp-block-themeisle-blocks-advanced-columns-f24e13f9\" class=\"wp-block-themeisle-blocks-advanced-columns has-1-columns has-desktop-equal-layout has-tablet-equal-layout has-mobile-equal-layout has-vertical-unset has-dark-bg\"><div class=\"wp-block-themeisle-blocks-advanced-columns-overlay\"><\/div><div class=\"innerblocks-wrap\">\n<div id=\"wp-block-themeisle-blocks-advanced-column-99f33309\" class=\"wp-block-themeisle-blocks-advanced-column\">\n<div style=\"height:130px\" aria-hidden=\"true\" class=\"wp-block-spacer\"><\/div>\n\n\n\n<h2 class=\"wp-block-heading\">Vertriebspartner\/H\u00e4ndler werden<\/h2>\n\n\n\n<div class=\"wp-block-columns is-layout-flex wp-container-core-columns-is-layout-1 wp-block-columns-is-layout-flex\">\n<div class=\"wp-block-column is-vertically-aligned-center is-layout-flow wp-block-column-is-layout-flow\">\n<hr class=\"wp-block-separator has-alpha-channel-opacity is-style-default\"\/>\n\n\n\n<p style=\"padding-top:0px;padding-right:var(--wp--preset--spacing--80);padding-bottom:0px;padding-left:var(--wp--preset--spacing--80)\">M\u00f6chten Sie Ihr Gesch\u00e4ft ausbauen und hochwertige Outdoor-Produkte anbieten? Werden Sie Vertriebspartner f\u00fcr unsere Premium-Dachzelte und nutzen Sie eine lukrative Chance auf dem wachsenden Markt f\u00fcr Outdoor-Abenteuer.<\/p>\n\n\n\n<hr class=\"wp-block-separator has-alpha-channel-opacity is-style-default\"\/>\n<\/div>\n\n\n\n<div class=\"wp-block-column is-layout-flow wp-block-column-is-layout-flow\">\n<figure class=\"wp-block-image aligncenter size-full is-resized is-style-default\"><img loading=\"lazy\" decoding=\"async\" width=\"1920\" height=\"2560\" data-attachment-id=\"4577\" data-permalink=\"https:\/\/actrica.ch\/de\/vertriebspartner-haendler\/attachment\/img_8672\/\" data-orig-file=\"https:\/\/actrica.ch\/wp-content\/uploads\/2024\/09\/IMG_8672-scaled.jpg\" data-orig-size=\"1920,2560\" data-comments-opened=\"1\" data-image-meta=\"{&quot;aperture&quot;:&quot;2.8&quot;,&quot;credit&quot;:&quot;&quot;,&quot;camera&quot;:&quot;iPhone 14 Pro Max&quot;,&quot;caption&quot;:&quot;&quot;,&quot;created_timestamp&quot;:&quot;1721484164&quot;,&quot;copyright&quot;:&quot;&quot;,&quot;focal_length&quot;:&quot;9&quot;,&quot;iso&quot;:&quot;32&quot;,&quot;shutter_speed&quot;:&quot;0.0013755158184319&quot;,&quot;title&quot;:&quot;&quot;,&quot;orientation&quot;:&quot;1&quot;}\" data-image-title=\"IMG_8672\" data-image-description=\"&lt;p&gt;Dachzelt Actrica f\u00fcr Overlanding, Camping, Roadtrip auf SUV, Jeep&lt;\/p&gt;\n\" data-image-caption=\"&lt;p&gt;Dachzelt Actrica f\u00fcr Overlanding, Camping, Roadtrip auf SUV, Jeep&lt;\/p&gt;\n\" data-medium-file=\"https:\/\/actrica.ch\/wp-content\/uploads\/2024\/09\/IMG_8672-225x300.jpg\" data-large-file=\"https:\/\/actrica.ch\/wp-content\/uploads\/2024\/09\/IMG_8672-768x1024.jpg\" src=\"http:\/\/actrica.ch\/wp-content\/uploads\/2024\/09\/IMG_8672-scaled.jpg\" alt=\"\" class=\"wp-image-4577\" style=\"aspect-ratio:1;object-fit:cover;width:538px;height:auto\" srcset=\"https:\/\/actrica.ch\/wp-content\/uploads\/2024\/09\/IMG_8672-scaled.jpg 1920w, https:\/\/actrica.ch\/wp-content\/uploads\/2024\/09\/IMG_8672-225x300.jpg 225w, https:\/\/actrica.ch\/wp-content\/uploads\/2024\/09\/IMG_8672-768x1024.jpg 768w, https:\/\/actrica.ch\/wp-content\/uploads\/2024\/09\/IMG_8672-1152x1536.jpg 1152w, https:\/\/actrica.ch\/wp-content\/uploads\/2024\/09\/IMG_8672-1536x2048.jpg 1536w, https:\/\/actrica.ch\/wp-content\/uploads\/2024\/09\/IMG_8672-1320x1760.jpg 1320w, https:\/\/actrica.ch\/wp-content\/uploads\/2024\/09\/IMG_8672-600x800.jpg 600w\" sizes=\"auto, (max-width: 1920px) 100vw, 1920px\" \/><\/figure>\n<\/div>\n<\/div>\n\n\n\n<div style=\"height:150px\" aria-hidden=\"true\" class=\"wp-block-spacer\"><\/div>\n\n\n\n<h2 class=\"wp-block-heading has-text-align-center\">Warum eine Partnerschaft mit uns?<\/h2>\n\n\n\n<div style=\"height:50px\" aria-hidden=\"true\" class=\"wp-block-spacer\"><\/div>\n\n\n\n<div class=\"wp-block-columns is-layout-flex wp-container-core-columns-is-layout-2 wp-block-columns-is-layout-flex\">\n<div class=\"wp-block-column is-layout-flow wp-block-column-is-layout-flow\">\n<div id=\"wp-block-themeisle-blocks-font-awesome-icons-f260d747\" class=\"wp-block-themeisle-blocks-font-awesome-icons\"><span class=\"wp-block-themeisle-blocks-font-awesome-icons-container\"><svg xmlns=\"http:\/\/www.w3.org\/2000\/svg\" viewBox=\"0 0 1800 1800\"><path d=\"M900,1793.016c-2.796,0-5.594-0.375-8.315-1.125c-7.969-2.199-197.36-55.807-388.728-226.607 c-112.377-100.305-201.914-220.375-266.128-356.88c-79.987-170.042-120.543-365.937-120.543-582.248 c0-9.624,4.431-18.711,12.016-24.637L880.752,13.613c11.308-8.837,27.187-8.837,38.496,0l752.451,587.905 c7.584,5.925,12.016,15.013,12.016,24.637c0,216.312-40.559,412.206-120.546,582.248 c-64.212,136.505-153.751,256.575-266.123,356.88c-191.37,170.801-380.764,224.408-388.732,226.607 C905.592,1792.641,902.796,1793.016,900,1793.016z M178.88,641.351c3.271,367.343,125.555,661.791,363.594,875.387 C701.154,1659.123,862.076,1716.81,900,1729.049c37.924-12.239,198.846-69.926,357.525-212.311 c238.039-213.597,360.325-508.044,363.592-875.387L900,77.925L178.88,641.351z\"><\/path><path d=\"M900,1593.533c-2.798,0-5.594-0.375-8.315-1.125c-6.189-1.71-153.319-43.35-301.636-175.734 c-87.095-77.732-156.485-170.791-206.251-276.582c-61.928-131.65-93.328-283.236-93.328-450.545 c0-9.624,4.432-18.711,12.017-24.637L880.752,213.1c11.308-8.834,27.187-8.839,38.496,0l578.266,451.81 c7.585,5.925,12.017,15.013,12.017,24.637c0,167.309-31.399,318.895-93.329,450.545 c-49.762,105.791-119.155,198.85-206.248,276.582c-148.316,132.385-295.446,174.024-301.64,175.734 C905.596,1593.158,902.798,1593.533,900,1593.533z M353.087,704.725c3.256,278.249,96.237,501.402,276.493,663.417 c118.248,106.279,238.227,150.755,270.42,161.38c32.193-10.625,152.172-55.101,270.42-161.38 c180.256-162.016,273.236-385.169,276.495-663.417L900,277.412L353.087,704.725z\"><\/path><\/svg><\/span><\/div>\n\n\n\n<h2 class=\"wp-block-heading has-text-align-center\">Erstklassige Qualit\u00e4t<\/h2>\n\n\n\n<p class=\"has-text-align-center\">Bei der Entwicklung unserer Dachzelte haben wir sowohl den Stil als auch die Haltbarkeit im Blick. Wenn Sie mit uns zusammenarbeiten, k\u00f6nnen Sie getrost ein Produkt verkaufen, das langlebig ist und die Erwartungen \u00fcbertrifft.<\/p>\n<\/div>\n\n\n\n<div class=\"wp-block-column is-layout-flow wp-block-column-is-layout-flow\">\n<div id=\"wp-block-themeisle-blocks-font-awesome-icons-6cb68836\" class=\"wp-block-themeisle-blocks-font-awesome-icons\"><span class=\"wp-block-themeisle-blocks-font-awesome-icons-container\"><svg xmlns=\"http:\/\/www.w3.org\/2000\/svg\" viewBox=\"0 0 1800 1800\"><path d=\"M357.063,742.307c-17.305,0-31.331,14.026-31.331,31.331s14.026,31.331,31.331,31.331 c27.835,0,93.081,33.661,93.081,98.938c0,17.305,14.026,31.331,31.331,31.331s31.332-14.026,31.332-31.331 C512.807,797.809,411.417,742.307,357.063,742.307z\"><\/path><path d=\"M1453.625,177.815c27.835,0,93.08,33.661,93.08,98.938c0,17.305,14.027,31.331,31.332,31.331 s31.331-14.026,31.331-31.331c0-106.097-101.39-161.6-155.743-161.6c-17.305,0-31.33,14.026-31.33,31.331 S1436.32,177.815,1453.625,177.815z\"><\/path><path d=\"M1447.975,1261.85c-46.434,0-92.324,12.361-132.713,35.751c-31.903,18.476-58.501,42.634-79.293,70.451 L597.875,998.547c3.899-9.809,7.317-19.871,10.075-30.226c15.53-58.261,10.889-118.681-12.702-173.188l636.708-368.71 c49.41,69.459,130.26,111.727,216.465,111.727c46.433,0,92.319-12.361,132.707-35.75c61.316-35.505,105.136-92.766,123.385-161.232 c18.248-68.463,8.742-139.933-26.764-201.249C1630.467,58.27,1542.422,7.544,1447.979,7.544c-46.434,0-92.324,12.361-132.712,35.75 c-115.368,66.811-161.543,207.81-113.322,328.1L563.833,740.916c-49.707-66.172-128.52-106.219-212.417-106.219 c-46.428,0-92.324,12.361-132.711,35.75C92.13,743.749,48.787,906.358,122.084,1032.934 c47.281,81.649,135.326,132.37,229.77,132.37c46.438,0,92.324-12.36,132.712-35.75c33.473-19.381,61.679-45.284,83.407-75.915 l636.673,368.684c-31.921,74.42-29.608,162.465,13.996,237.764c47.28,81.65,135.325,132.371,229.774,132.371 c46.432,0,92.318-12.361,132.707-35.75c61.316-35.506,105.135-92.766,123.384-161.232c18.249-68.463,8.742-139.934-26.763-201.249 C1630.463,1312.575,1542.418,1261.85,1447.975,1261.85z M1346.668,97.521c30.859-17.868,65.893-27.314,101.311-27.314 c72.164,0,139.426,38.745,175.543,101.114c27.117,46.831,34.378,101.42,20.438,153.71c-13.935,52.29-47.403,96.026-94.233,123.144 c-30.855,17.869-65.889,27.314-101.307,27.314c-72.165,0-139.43-38.744-175.547-101.109 C1216.893,277.706,1249.994,153.504,1346.668,97.521z M453.164,1075.327c-30.859,17.868-65.888,27.314-101.311,27.314 c-72.165,0-139.426-38.745-175.543-101.11c-55.979-96.672-22.873-220.874,73.795-276.857 c30.859-17.869,65.888-27.314,101.311-27.314c72.165,0,139.426,38.744,175.543,101.114c27.117,46.831,34.377,101.42,20.438,153.71 C533.464,1004.474,499.995,1048.209,453.164,1075.327z M1643.955,1579.336c-13.934,52.291-47.402,96.027-94.233,123.145 c-30.854,17.868-65.888,27.314-101.306,27.314c-72.166,0-139.431-38.744-175.548-101.109 c-55.979-96.674-22.878-220.875,73.795-276.859c30.859-17.867,65.893-27.313,101.312-27.313 c72.164,0,139.425,38.744,175.543,101.114C1650.635,1472.457,1657.895,1527.047,1643.955,1579.336z\"><\/path><path d=\"M1453.621,1369.459c-17.305,0-31.331,14.027-31.331,31.332s14.026,31.331,31.331,31.331 c27.834,0,93.08,33.661,93.08,98.937c0,17.305,14.027,31.332,31.332,31.332s31.33-14.027,31.33-31.332 C1609.363,1424.963,1507.975,1369.459,1453.621,1369.459z\"><\/path><\/svg><\/span><\/div>\n\n\n\n<h2 class=\"wp-block-heading has-text-align-center\">Renommierte Marke<\/h2>\n\n\n\n<p class=\"has-text-align-center\">Unsere Marke ist f\u00fcr ihr Engagement f\u00fcr Innovation und Kundenzufriedenheit bekannt. Mit einer starken Marktpr\u00e4senz und einer etablierten Kundentreue kann eine Partnerschaft mit uns Ihren Erfolg als H\u00e4ndler steigern.<\/p>\n<\/div>\n\n\n\n<div class=\"wp-block-column is-layout-flow wp-block-column-is-layout-flow\">\n<div id=\"wp-block-themeisle-blocks-font-awesome-icons-6025ed1f\" class=\"wp-block-themeisle-blocks-font-awesome-icons\"><span class=\"wp-block-themeisle-blocks-font-awesome-icons-container\"><svg xmlns=\"http:\/\/www.w3.org\/2000\/svg\" viewBox=\"0 0 1800 1800\"><path d=\"M152.728,528.008c-63.267,0-114.738-51.469-114.738-114.733c0-63.265,51.472-114.734,114.738-114.734 c63.262,0,114.729,51.469,114.729,114.734C267.457,476.539,215.99,528.008,152.728,528.008z M152.728,360.752 c-28.962,0-52.526,23.562-52.526,52.522s23.563,52.521,52.526,52.521c28.958,0,52.517-23.562,52.517-52.521 S181.686,360.752,152.728,360.752z\"><\/path><path d=\"M1124.017,703.674c-63.267,0-114.738-51.465-114.738-114.725c0-63.267,51.472-114.738,114.738-114.738 c63.262,0,114.729,51.472,114.729,114.738C1238.745,652.209,1187.278,703.674,1124.017,703.674z M1124.017,536.423 c-28.963,0-52.526,23.563-52.526,52.526c0,28.956,23.563,52.513,52.526,52.513c28.957,0,52.517-23.558,52.517-52.513 C1176.533,559.986,1152.974,536.423,1124.017,536.423z\"><\/path><path d=\"M638.373,391.099c-103.739,0-188.138-84.396-188.138-188.133S534.634,14.833,638.373,14.833 c103.733,0,188.125,84.396,188.125,188.133S742.106,391.099,638.373,391.099z M638.373,77.045 c-69.435,0-125.926,56.488-125.926,125.921c0,69.433,56.491,125.921,125.926,125.921c69.429,0,125.913-56.488,125.913-125.921 C764.286,133.533,707.802,77.045,638.373,77.045z\"><\/path><path d=\"M1609.674,391.099c-103.737,0-188.137-84.396-188.137-188.133s84.399-188.133,188.137-188.133 c103.733,0,188.129,84.396,188.129,188.133S1713.407,391.099,1609.674,391.099z M1609.674,77.045 c-69.437,0-125.925,56.488-125.925,125.921c0,69.433,56.488,125.921,125.925,125.921c69.429,0,125.917-56.488,125.917-125.921 C1735.591,133.533,1679.103,77.045,1609.674,77.045z\"><\/path><rect x=\"332.296\" y=\"178.864\" transform=\"matrix(0.4637 0.886 -0.886 0.4637 480.4105 -149.1437)\" width=\"62.214\" height=\"286.801\"><\/rect><rect x=\"721.561\" y=\"398.765\" transform=\"matrix(0.767 0.6417 -0.6417 0.767 488.2679 -484.7798)\" width=\"380.063\" height=\"62.211\"><\/rect><polygon points=\"1216.137,584.88 1176.993,536.524 1473.117,296.842 1512.26,345.197\"><\/polygon><path d=\"M223.333,1785.167H82.119c-44.068,0-79.922-36.348-79.922-81.023V761.958 c0-44.678,35.854-81.024,79.922-81.024h141.214c44.068,0,79.921,36.346,79.921,81.024v942.185 C303.254,1748.819,267.401,1785.167,223.333,1785.167z M82.119,743.146c-9.767,0-17.71,8.438-17.71,18.812v942.185 c0,10.371,7.943,18.812,17.71,18.812h141.214c9.766,0,17.709-8.44,17.709-18.812V761.958c0-10.374-7.944-18.812-17.709-18.812 H82.119z\"><\/path><path d=\"M708.974,1785.167H567.755c-44.066,0-79.917-38.839-79.917-86.578V651.512 c0-47.74,35.852-86.579,79.917-86.579h141.218c44.066,0,79.917,38.839,79.917,86.579v1047.077 C788.891,1746.328,753.04,1785.167,708.974,1785.167z M567.755,627.146c-9.597,0-17.706,11.159-17.706,24.367v1047.077 c0,13.209,8.108,24.366,17.706,24.366h141.218c9.597,0,17.705-11.157,17.705-24.366V651.512c0-13.208-8.108-24.367-17.705-24.367 H567.755z\"><\/path><path d=\"M1194.621,1785.167h-141.21c-44.072,0-79.926-31.604-79.926-70.452V972.037 c0-38.848,35.854-70.453,79.926-70.453h141.21c44.072,0,79.926,31.605,79.926,70.453v742.678 C1274.547,1753.563,1238.693,1785.167,1194.621,1785.167z M1053.411,963.796c-11.43,0-17.714,6.188-17.714,8.241v742.678 c0,2.053,6.284,8.24,17.714,8.24h141.21c11.431,0,17.714-6.188,17.714-8.24V972.037c0-2.053-6.283-8.241-17.714-8.241H1053.411z\"><\/path><path d=\"M1680.271,1785.167h-141.219c-44.067,0-79.917-38.839-79.917-86.578V651.512 c0-47.74,35.85-86.579,79.917-86.579h141.219c44.072,0,79.926,38.839,79.926,86.579v1047.077 C1760.196,1746.328,1724.343,1785.167,1680.271,1785.167z M1539.052,627.146c-9.599,0-17.705,11.159-17.705,24.367v1047.077 c0,13.209,8.106,24.366,17.705,24.366h141.219c9.604,0,17.714-11.157,17.714-24.366V651.512c0-13.208-8.11-24.367-17.714-24.367 H1539.052z\"><\/path><\/svg><\/span><\/div>\n\n\n\n<h2 class=\"wp-block-heading has-text-align-center\">Unterst\u00fctzung f\u00fcr Unternehmen<\/h2>\n\n\n\n<p class=\"has-text-align-center\">Wir bieten Ihrem Team umfassende Unterst\u00fctzung und Beratung. Wir sorgen daf\u00fcr, dass Sie gut ger\u00fcstet sind, um Ihre Kunden zu bedienen und Ihr Gesch\u00e4ftspotenzial zu maximieren.<\/p>\n<\/div>\n<\/div>\n\n\n\n<div style=\"height:100px\" aria-hidden=\"true\" class=\"wp-block-spacer\"><\/div>\n\n\n\n<h2 class=\"wp-block-heading\">Kontaktieren Sie uns, wenn Sie interessiert sind!<\/h2>\n\n\n\n<div id=\"wp-block-themeisle-blocks-advanced-columns-787ae17f\" class=\"wp-block-themeisle-blocks-advanced-columns has-1-columns has-desktop-equal-layout has-tablet-equal-layout has-mobile-equal-layout has-vertical-unset\"><div class=\"wp-block-themeisle-blocks-advanced-columns-overlay\"><\/div><div class=\"innerblocks-wrap\">\n<div id=\"wp-block-themeisle-blocks-advanced-column-da32ce54\" class=\"wp-block-themeisle-blocks-advanced-column\">\n<div id=\"wp-block-themeisle-blocks-form-a23ab235\" class=\"wp-block-themeisle-blocks-form\" data-option-name=\"bf9b28ff82ce323187abc5d0feb0d8f07ecd8436_a23ab235\"><form class=\"otter-form__container\">\n<div id=\"wp-block-themeisle-blocks-form-input-e1f71cca\" class=\"wp-block-themeisle-blocks-form-input\"><label for=\"wp-block-themeisle-blocks-form-input-e1f71cca-input\" class=\"otter-form-input-label\"><span class=\"otter-form-input-label__label\">Name \/ Firmenname<\/span><span class=\"required\">*<\/span><\/label><input type=\"text\" id=\"wp-block-themeisle-blocks-form-input-e1f71cca-input\" required class=\"otter-form-input\"\/><\/div>\n\n\n\n<div id=\"wp-block-themeisle-blocks-form-input-72ffcba0\" class=\"wp-block-themeisle-blocks-form-input\"><label for=\"wp-block-themeisle-blocks-form-input-72ffcba0-input\" class=\"otter-form-input-label\"><span class=\"otter-form-input-label__label\">Email<\/span><span class=\"required\">*<\/span><\/label><input type=\"email\" id=\"wp-block-themeisle-blocks-form-input-72ffcba0-input\" required class=\"otter-form-input\"\/><\/div>\n\n\n\n<div id=\"wp-block-themeisle-blocks-form-input-7e33922e\" class=\"wp-block-themeisle-blocks-form-input\"><label for=\"wp-block-themeisle-blocks-form-input-7e33922e-input\" class=\"otter-form-input-label\"><span class=\"otter-form-input-label__label\">Standort<\/span><span class=\"required\">*<\/span><\/label><input type=\"text\" id=\"wp-block-themeisle-blocks-form-input-7e33922e-input\" required class=\"otter-form-input\"\/><\/div>\n\n\n<div class=\"protection\" aria-hidden=\"true\"><input type=\"hidden\" id=\"wp-block-themeisle-blocks-form-a23ab235_nonce_field\" name=\"wp-block-themeisle-blocks-form-a23ab235_nonce_field\" value=\"f7eae83442\" \/><input type=\"hidden\" name=\"_wp_http_referer\" value=\"\/de\/wp-json\/wp\/v2\/pages\/4575\" \/><input class=\"o-anti-bot\" type=\"checkbox\"><\/div>\n\n\n<div id=\"wp-block-themeisle-blocks-form-textarea-a20dff65\" class=\"wp-block-themeisle-blocks-form-textarea\"><label for=\"wp-block-themeisle-blocks-form-textarea-a20dff65-input\" class=\"otter-form-textarea-label\"><span class=\"otter-form-textarea-label__label\">Nachricht an uns<\/span><span class=\"required\">*<\/span><\/label><textarea id=\"wp-block-themeisle-blocks-form-textarea-a20dff65-input\" required rows=\"10\" class=\"otter-form-textarea-input\"><\/textarea><\/div>\n\n\n\n<p class=\"has-extra-small-font-size\">Wir werden Sie in K\u00fcrze kontaktieren. Bitte warten Sie geduldig auf unsere Antwort. Wir danken Ihnen!<\/p>\n<div class=\"wp-block-button\"><button class=\"wp-block-button__link\" type=\"submit\">Einreichen<\/button><\/div><\/form><\/div>\n\n\n\n<div style=\"height:100px\" aria-hidden=\"true\" class=\"wp-block-spacer\"><\/div>\n<\/div>\n<\/div><\/div>\n<\/div>\n<\/div><\/div>\n","protected":false},"excerpt":{"rendered":"","protected":false},"author":1,"featured_media":0,"parent":0,"menu_order":0,"comment_status":"closed","ping_status":"closed","template":"","meta":{"om_disable_all_campaigns":false,"_monsterinsights_skip_tracking":false,"_monsterinsights_sitenote_active":false,"_monsterinsights_sitenote_note":"","_monsterinsights_sitenote_category":0,"site-sidebar-layout":"default","site-content-layout":"","ast-site-content-layout":"","site-content-style":"default","site-sidebar-style":"default","ast-global-header-display":"","ast-banner-title-visibility":"","ast-main-header-display":"","ast-hfb-above-header-display":"","ast-hfb-below-header-display":"","ast-hfb-mobile-header-display":"","site-post-title":"","ast-breadcrumbs-content":"","ast-featured-img":"","footer-sml-layout":"","theme-transparent-header-meta":"","adv-header-id-meta":"","stick-header-meta":"","header-above-stick-meta":"","header-main-stick-meta":"","header-below-stick-meta":"","astra-migrate-meta-layouts":"default","ast-page-background-enabled":"default","ast-page-background-meta":{"desktop":{"background-color":"var(--ast-global-color-4)","background-image":"","background-repeat":"repeat","background-position":"center center","background-size":"auto","background-attachment":"scroll","background-type":"","background-media":"","overlay-type":"","overlay-color":"","overlay-opacity":"","overlay-gradient":""},"tablet":{"background-color":"","background-image":"","background-repeat":"repeat","background-position":"center center","background-size":"auto","background-attachment":"scroll","background-type":"","background-media":"","overlay-type":"","overlay-color":"","overlay-opacity":"","overlay-gradient":""},"mobile":{"background-color":"","background-image":"","background-repeat":"repeat","background-position":"center center","background-size":"auto","background-attachment":"scroll","background-type":"","background-media":"","overlay-type":"","overlay-color":"","overlay-opacity":"","overlay-gradient":""}},"ast-content-background-meta":{"desktop":{"background-color":"var(--ast-global-color-5)","background-image":"","background-repeat":"repeat","background-position":"center center","background-size":"auto","background-attachment":"scroll","background-type":"","background-media":"","overlay-type":"","overlay-color":"","overlay-opacity":"","overlay-gradient":""},"tablet":{"background-color":"var(--ast-global-color-5)","background-image":"","background-repeat":"repeat","background-position":"center center","background-size":"auto","background-attachment":"scroll","background-type":"","background-media":"","overlay-type":"","overlay-color":"","overlay-opacity":"","overlay-gradient":""},"mobile":{"background-color":"var(--ast-global-color-5)","background-image":"","background-repeat":"repeat","background-position":"center center","background-size":"auto","background-attachment":"scroll","background-type":"","background-media":"","overlay-type":"","overlay-color":"","overlay-opacity":"","overlay-gradient":""}},"_themeisle_gutenberg_block_has_review":false,"footnotes":""},"class_list":["post-4575","page","type-page","status-publish","hentry"],"aioseo_notices":[],"jetpack_sharing_enabled":true,"_links":{"self":[{"href":"https:\/\/actrica.ch\/de\/wp-json\/wp\/v2\/pages\/4575","targetHints":{"allow":["GET"]}}],"collection":[{"href":"https:\/\/actrica.ch\/de\/wp-json\/wp\/v2\/pages"}],"about":[{"href":"https:\/\/actrica.ch\/de\/wp-json\/wp\/v2\/types\/page"}],"author":[{"embeddable":true,"href":"https:\/\/actrica.ch\/de\/wp-json\/wp\/v2\/users\/1"}],"replies":[{"embeddable":true,"href":"https:\/\/actrica.ch\/de\/wp-json\/wp\/v2\/comments?post=4575"}],"version-history":[{"count":8,"href":"https:\/\/actrica.ch\/de\/wp-json\/wp\/v2\/pages\/4575\/revisions"}],"predecessor-version":[{"id":5729,"href":"https:\/\/actrica.ch\/de\/wp-json\/wp\/v2\/pages\/4575\/revisions\/5729"}],"wp:attachment":[{"href":"https:\/\/actrica.ch\/de\/wp-json\/wp\/v2\/media?parent=4575"}],"curies":[{"name":"wp","href":"https:\/\/api.w.org\/{rel}","templated":true}]}}