{"id":3465,"date":"2024-07-08T21:29:22","date_gmt":"2024-07-08T18:29:22","guid":{"rendered":"https:\/\/actrica.ch\/?page_id=3465"},"modified":"2025-04-04T11:53:51","modified_gmt":"2025-04-04T08:53:51","slug":"gruppenkauf-rabatt","status":"publish","type":"page","link":"https:\/\/actrica.ch\/de\/gruppenkauf-rabatt\/","title":{"rendered":"Group Purchase Page"},"content":{"rendered":"\n<div id=\"wp-block-themeisle-blocks-advanced-columns-cc84b345\" class=\"wp-block-themeisle-blocks-advanced-columns has-1-columns has-desktop-equal-layout has-tablet-equal-layout has-mobile-equal-layout has-vertical-unset\"><div class=\"wp-block-themeisle-blocks-advanced-columns-overlay\"><\/div><div class=\"innerblocks-wrap\">\n<div id=\"wp-block-themeisle-blocks-advanced-column-f931c493\" class=\"wp-block-themeisle-blocks-advanced-column has-dark-bg\">\n<div style=\"height:100px\" aria-hidden=\"true\" class=\"wp-block-spacer\"><\/div>\n\n\n\n<h2 class=\"wp-block-heading has-ast-global-color-0-color has-text-color has-link-color wp-elements-72f664e353fcc132c2787ca6b339ee11\">Gruppenrabatt beim Kauf<\/h2>\n\n\n\n<p class=\"has-ast-global-color-1-color has-text-color has-link-color wp-elements-1c6eb0e901fc31aac2087ec1729099b9\">Profitieren Sie von unserem Gruppenbestellfeature und sichern Sie sich Ihren Rabatt. Dies gilt nur f\u00fcr Vorbestellungen. Bestellen Sie gemeinsam mit Personen an Ihrem gew\u00e4hlten Standort und profitieren Sie von einem gro\u00dfartigen Produktions- und Versandrabatt.<\/p>\n\n\n\n<div class=\"wp-block-columns are-vertically-aligned-top is-layout-flex wp-container-core-columns-is-layout-1 wp-block-columns-is-layout-flex\">\n<div class=\"wp-block-column is-vertically-aligned-top is-layout-flow wp-block-column-is-layout-flow\">\n<figure class=\"wp-block-image aligncenter size-full is-resized is-style-rounded\"><img loading=\"lazy\" decoding=\"async\" width=\"1024\" height=\"1024\" data-attachment-id=\"3963\" data-permalink=\"https:\/\/actrica.ch\/de\/gruppenkauf-rabatt\/attachment\/images_x7ygofaopkekq7dppbq8\/\" data-orig-file=\"https:\/\/actrica.ch\/wp-content\/uploads\/2024\/07\/images_x7YgOFAopKEkq7dPPbq8.png\" data-orig-size=\"1024,1024\" data-comments-opened=\"1\" data-image-meta=\"{&quot;aperture&quot;:&quot;0&quot;,&quot;credit&quot;:&quot;&quot;,&quot;camera&quot;:&quot;&quot;,&quot;caption&quot;:&quot;&quot;,&quot;created_timestamp&quot;:&quot;0&quot;,&quot;copyright&quot;:&quot;&quot;,&quot;focal_length&quot;:&quot;0&quot;,&quot;iso&quot;:&quot;0&quot;,&quot;shutter_speed&quot;:&quot;0&quot;,&quot;title&quot;:&quot;&quot;,&quot;orientation&quot;:&quot;0&quot;}\" data-image-title=\"images_x7YgOFAopKEkq7dPPbq8\" data-image-description=\"\" data-image-caption=\"\" data-medium-file=\"https:\/\/actrica.ch\/wp-content\/uploads\/2024\/07\/images_x7YgOFAopKEkq7dPPbq8-300x300.png\" data-large-file=\"https:\/\/actrica.ch\/wp-content\/uploads\/2024\/07\/images_x7YgOFAopKEkq7dPPbq8.png\" src=\"https:\/\/actrica.ch\/wp-content\/uploads\/2024\/07\/images_x7YgOFAopKEkq7dPPbq8.png\" alt=\"\" class=\"wp-image-3963\" style=\"width:250px\" srcset=\"https:\/\/actrica.ch\/wp-content\/uploads\/2024\/07\/images_x7YgOFAopKEkq7dPPbq8.png 1024w, https:\/\/actrica.ch\/wp-content\/uploads\/2024\/07\/images_x7YgOFAopKEkq7dPPbq8-300x300.png 300w, https:\/\/actrica.ch\/wp-content\/uploads\/2024\/07\/images_x7YgOFAopKEkq7dPPbq8-150x150.png 150w, https:\/\/actrica.ch\/wp-content\/uploads\/2024\/07\/images_x7YgOFAopKEkq7dPPbq8-768x768.png 768w, https:\/\/actrica.ch\/wp-content\/uploads\/2024\/07\/images_x7YgOFAopKEkq7dPPbq8-600x600.png 600w, https:\/\/actrica.ch\/wp-content\/uploads\/2024\/07\/images_x7YgOFAopKEkq7dPPbq8-100x100.png 100w\" sizes=\"auto, (max-width: 1024px) 100vw, 1024px\" \/><\/figure>\n\n\n\n<div style=\"height:20px\" aria-hidden=\"true\" class=\"wp-block-spacer\"><\/div>\n\n\n\n<p class=\"has-text-align-center has-ast-global-color-1-color has-text-color has-link-color wp-elements-47f7e131c7c31298df1d0b5b5ca15cc8\">1. <strong>W\u00e4hlen Sie Ihren Standort<\/strong><br>Standorte mit der Gruppenbestellfunktion finden Sie auf den spezifischen Produktseiten. *Gruppenbestellungen sind nur f\u00fcr Vorbestellungen geeignet.<\/p>\n\n\n\n<div style=\"height:40px\" aria-hidden=\"true\" class=\"wp-block-spacer\"><\/div>\n<\/div>\n\n\n\n<div class=\"wp-block-column is-vertically-aligned-top is-layout-flow wp-block-column-is-layout-flow\">\n<figure class=\"wp-block-image aligncenter size-full is-resized is-style-rounded\"><img loading=\"lazy\" decoding=\"async\" width=\"1024\" height=\"1024\" data-attachment-id=\"3967\" data-permalink=\"https:\/\/actrica.ch\/de\/gruppenkauf-rabatt\/attachment\/images_wnptoabwxxs0biao8mng\/\" data-orig-file=\"https:\/\/actrica.ch\/wp-content\/uploads\/2024\/07\/images_WNPtOaBWxXS0bIaO8mNG.png\" data-orig-size=\"1024,1024\" data-comments-opened=\"1\" data-image-meta=\"{&quot;aperture&quot;:&quot;0&quot;,&quot;credit&quot;:&quot;&quot;,&quot;camera&quot;:&quot;&quot;,&quot;caption&quot;:&quot;&quot;,&quot;created_timestamp&quot;:&quot;0&quot;,&quot;copyright&quot;:&quot;&quot;,&quot;focal_length&quot;:&quot;0&quot;,&quot;iso&quot;:&quot;0&quot;,&quot;shutter_speed&quot;:&quot;0&quot;,&quot;title&quot;:&quot;&quot;,&quot;orientation&quot;:&quot;0&quot;}\" data-image-title=\"images_WNPtOaBWxXS0bIaO8mNG\" data-image-description=\"\" data-image-caption=\"\" data-medium-file=\"https:\/\/actrica.ch\/wp-content\/uploads\/2024\/07\/images_WNPtOaBWxXS0bIaO8mNG-300x300.png\" data-large-file=\"https:\/\/actrica.ch\/wp-content\/uploads\/2024\/07\/images_WNPtOaBWxXS0bIaO8mNG.png\" src=\"http:\/\/actrica.ch\/wp-content\/uploads\/2024\/07\/images_WNPtOaBWxXS0bIaO8mNG.png\" alt=\"\" class=\"wp-image-3967\" style=\"width:250px\" srcset=\"https:\/\/actrica.ch\/wp-content\/uploads\/2024\/07\/images_WNPtOaBWxXS0bIaO8mNG.png 1024w, https:\/\/actrica.ch\/wp-content\/uploads\/2024\/07\/images_WNPtOaBWxXS0bIaO8mNG-300x300.png 300w, https:\/\/actrica.ch\/wp-content\/uploads\/2024\/07\/images_WNPtOaBWxXS0bIaO8mNG-150x150.png 150w, https:\/\/actrica.ch\/wp-content\/uploads\/2024\/07\/images_WNPtOaBWxXS0bIaO8mNG-768x768.png 768w, https:\/\/actrica.ch\/wp-content\/uploads\/2024\/07\/images_WNPtOaBWxXS0bIaO8mNG-600x600.png 600w, https:\/\/actrica.ch\/wp-content\/uploads\/2024\/07\/images_WNPtOaBWxXS0bIaO8mNG-100x100.png 100w\" sizes=\"auto, (max-width: 1024px) 100vw, 1024px\" \/><\/figure>\n\n\n\n<div style=\"height:20px\" aria-hidden=\"true\" class=\"wp-block-spacer\"><\/div>\n\n\n\n<p class=\"has-text-align-center has-ast-global-color-1-color has-text-color has-link-color wp-elements-350c458704703de3f68189d34f525840\">2. <strong>Kontaktieren Sie uns<\/strong><br>Lassen Sie uns wissen, an welcher Gruppenbestellung Sie teilnehmen m\u00f6chten, und wir f\u00fcgen Sie zur Gruppenbestellung hinzu. Sehen Sie Ihren Standort nicht? Schicken Sie uns eine Nachricht, und wir initiieren eine neue Bestellung an Ihrem Standort.<\/p>\n\n\n\n<div style=\"height:40px\" aria-hidden=\"true\" class=\"wp-block-spacer\"><\/div>\n<\/div>\n\n\n\n<div class=\"wp-block-column is-vertically-aligned-top is-layout-flow wp-block-column-is-layout-flow\">\n<figure class=\"wp-block-image aligncenter size-full is-resized is-style-rounded\"><img loading=\"lazy\" decoding=\"async\" width=\"1024\" height=\"1024\" data-attachment-id=\"3965\" data-permalink=\"https:\/\/actrica.ch\/de\/gruppenkauf-rabatt\/attachment\/images_3fogj4yzxq16kljve5uh\/\" data-orig-file=\"https:\/\/actrica.ch\/wp-content\/uploads\/2024\/07\/images_3fogj4yzXQ16kLjvE5uh.png\" data-orig-size=\"1024,1024\" data-comments-opened=\"1\" data-image-meta=\"{&quot;aperture&quot;:&quot;0&quot;,&quot;credit&quot;:&quot;&quot;,&quot;camera&quot;:&quot;&quot;,&quot;caption&quot;:&quot;&quot;,&quot;created_timestamp&quot;:&quot;0&quot;,&quot;copyright&quot;:&quot;&quot;,&quot;focal_length&quot;:&quot;0&quot;,&quot;iso&quot;:&quot;0&quot;,&quot;shutter_speed&quot;:&quot;0&quot;,&quot;title&quot;:&quot;&quot;,&quot;orientation&quot;:&quot;0&quot;}\" data-image-title=\"images_3fogj4yzXQ16kLjvE5uh\" data-image-description=\"\" data-image-caption=\"\" data-medium-file=\"https:\/\/actrica.ch\/wp-content\/uploads\/2024\/07\/images_3fogj4yzXQ16kLjvE5uh-300x300.png\" data-large-file=\"https:\/\/actrica.ch\/wp-content\/uploads\/2024\/07\/images_3fogj4yzXQ16kLjvE5uh.png\" src=\"https:\/\/actrica.ch\/wp-content\/uploads\/2024\/07\/images_3fogj4yzXQ16kLjvE5uh.png\" alt=\"\" class=\"wp-image-3965\" style=\"width:250px\" srcset=\"https:\/\/actrica.ch\/wp-content\/uploads\/2024\/07\/images_3fogj4yzXQ16kLjvE5uh.png 1024w, https:\/\/actrica.ch\/wp-content\/uploads\/2024\/07\/images_3fogj4yzXQ16kLjvE5uh-300x300.png 300w, https:\/\/actrica.ch\/wp-content\/uploads\/2024\/07\/images_3fogj4yzXQ16kLjvE5uh-150x150.png 150w, https:\/\/actrica.ch\/wp-content\/uploads\/2024\/07\/images_3fogj4yzXQ16kLjvE5uh-768x768.png 768w, https:\/\/actrica.ch\/wp-content\/uploads\/2024\/07\/images_3fogj4yzXQ16kLjvE5uh-600x600.png 600w, https:\/\/actrica.ch\/wp-content\/uploads\/2024\/07\/images_3fogj4yzXQ16kLjvE5uh-100x100.png 100w\" sizes=\"auto, (max-width: 1024px) 100vw, 1024px\" \/><\/figure>\n\n\n\n<div style=\"height:20px\" aria-hidden=\"true\" class=\"wp-block-spacer\"><\/div>\n\n\n\n<p class=\"has-text-align-center has-ast-global-color-1-color has-text-color has-link-color wp-elements-74fc22aea2330da1f1cb0e9e8f2dd089\">3. <strong>Warten Sie auf Updates<\/strong><br>Wir informieren Sie, wenn eine Gruppenbestellung bereit ist.<br>*Der endg\u00fcltige Preis wird zum Zeitpunkt der erfolgreichen Zusammenf\u00fchrung aller Bestellungen festgelegt.<\/p>\n\n\n\n<div style=\"height:40px\" aria-hidden=\"true\" class=\"wp-block-spacer\"><\/div>\n<\/div>\n\n\n\n<div class=\"wp-block-column is-vertically-aligned-top is-layout-flow wp-block-column-is-layout-flow\">\n<figure class=\"wp-block-image aligncenter size-full is-resized is-style-rounded\"><img loading=\"lazy\" decoding=\"async\" width=\"1024\" height=\"1024\" data-attachment-id=\"3966\" data-permalink=\"https:\/\/actrica.ch\/de\/gruppenkauf-rabatt\/attachment\/images_k6ulqg2kqwxk6sbaoaem\/\" data-orig-file=\"https:\/\/actrica.ch\/wp-content\/uploads\/2024\/07\/images_K6uLQG2KqWxK6sBAOaeM.png\" data-orig-size=\"1024,1024\" data-comments-opened=\"1\" data-image-meta=\"{&quot;aperture&quot;:&quot;0&quot;,&quot;credit&quot;:&quot;&quot;,&quot;camera&quot;:&quot;&quot;,&quot;caption&quot;:&quot;&quot;,&quot;created_timestamp&quot;:&quot;0&quot;,&quot;copyright&quot;:&quot;&quot;,&quot;focal_length&quot;:&quot;0&quot;,&quot;iso&quot;:&quot;0&quot;,&quot;shutter_speed&quot;:&quot;0&quot;,&quot;title&quot;:&quot;&quot;,&quot;orientation&quot;:&quot;0&quot;}\" data-image-title=\"images_K6uLQG2KqWxK6sBAOaeM\" data-image-description=\"\" data-image-caption=\"\" data-medium-file=\"https:\/\/actrica.ch\/wp-content\/uploads\/2024\/07\/images_K6uLQG2KqWxK6sBAOaeM-300x300.png\" data-large-file=\"https:\/\/actrica.ch\/wp-content\/uploads\/2024\/07\/images_K6uLQG2KqWxK6sBAOaeM.png\" src=\"http:\/\/actrica.ch\/wp-content\/uploads\/2024\/07\/images_K6uLQG2KqWxK6sBAOaeM.png\" alt=\"\" class=\"wp-image-3966\" style=\"width:250px\" srcset=\"https:\/\/actrica.ch\/wp-content\/uploads\/2024\/07\/images_K6uLQG2KqWxK6sBAOaeM.png 1024w, https:\/\/actrica.ch\/wp-content\/uploads\/2024\/07\/images_K6uLQG2KqWxK6sBAOaeM-300x300.png 300w, https:\/\/actrica.ch\/wp-content\/uploads\/2024\/07\/images_K6uLQG2KqWxK6sBAOaeM-150x150.png 150w, https:\/\/actrica.ch\/wp-content\/uploads\/2024\/07\/images_K6uLQG2KqWxK6sBAOaeM-768x768.png 768w, https:\/\/actrica.ch\/wp-content\/uploads\/2024\/07\/images_K6uLQG2KqWxK6sBAOaeM-600x600.png 600w, https:\/\/actrica.ch\/wp-content\/uploads\/2024\/07\/images_K6uLQG2KqWxK6sBAOaeM-100x100.png 100w\" sizes=\"auto, (max-width: 1024px) 100vw, 1024px\" \/><\/figure>\n\n\n\n<div style=\"height:20px\" aria-hidden=\"true\" class=\"wp-block-spacer\"><\/div>\n\n\n\n<p class=\"has-text-align-center has-ast-global-color-1-color has-text-color has-link-color wp-elements-6c7b59a2a11a0eb72882b179aec7dc51\">4. <strong>Verbinden Sie Ihre Gruppe<\/strong><br>Wir bringen Sie mit Ihren Gruppenmitgliedern in Kontakt, um die Abholung zu organisieren. Kn\u00fcpfen Sie unterwegs Freundschaften.<\/p>\n\n\n\n<div style=\"height:40px\" aria-hidden=\"true\" class=\"wp-block-spacer\"><\/div>\n<\/div>\n<\/div>\n\n\n\n<div style=\"height:100px\" aria-hidden=\"true\" class=\"wp-block-spacer\"><\/div>\n\n\n\n<h2 class=\"wp-block-heading has-ast-global-color-0-color has-text-color has-link-color wp-elements-0ebf8dff2768ac99683e58c3ad8f14e0\">Laufende Gruppenbestellungen<\/h2>\n\n\n\n<div class=\"wp-block-columns is-layout-flex wp-container-core-columns-is-layout-2 wp-block-columns-is-layout-flex\">\n<div class=\"wp-block-column has-background is-layout-flow wp-block-column-is-layout-flow\" style=\"border-width:1px;background-color:#88efff;padding-right:3%;padding-left:3%\">\n<div style=\"height:30px\" aria-hidden=\"true\" class=\"wp-block-spacer\"><\/div>\n\n\n\n<h3 class=\"wp-block-heading has-text-align-center has-ast-global-color-4-color has-text-color has-link-color wp-elements-ffae1373e19f8cd9b96e0b1bcacff81a\">PROMOTION VERKAUF<br>Schweiz<br>ACTOX5<br>BLACK &#8211; DELUXE ACCESSORIES<br>\u20ac100 DISCOUNT \/ TENT<br>0\/2 SIND BEREIT<br>#487<\/h3>\n\n\n\n<div id=\"wp-block-themeisle-blocks-progress-bar-1bff8176\" class=\"wp-block-themeisle-blocks-progress-bar\" data-percent=\"0\" data-duration=\"2\"><div class=\"wp-block-themeisle-blocks-progress-bar__area\"><div class=\"wp-block-themeisle-blocks-progress-bar__area__title\"><span>PURCHASE NOW!<\/span><\/div><div class=\"wp-block-themeisle-blocks-progress-bar__area__bar\"><\/div><div class=\"wp-block-themeisle-blocks-progress-bar__progress wp-block-themeisle-blocks-progress-bar__number\">0%<\/div><\/div><\/div>\n\n\n\n<div style=\"height:30px\" aria-hidden=\"true\" class=\"wp-block-spacer\"><\/div>\n<\/div>\n\n\n\n<div class=\"wp-block-column has-background is-layout-flow wp-block-column-is-layout-flow\" style=\"border-width:1px;background-color:#ff9100;padding-right:3%;padding-left:3%\">\n<div style=\"height:30px\" aria-hidden=\"true\" class=\"wp-block-spacer\"><\/div>\n\n\n\n<h3 class=\"wp-block-heading has-text-align-center has-ast-global-color-5-color has-text-color has-link-color wp-elements-c28315820a1cd447988b84e3c068b47b\">PROMOTION VERKAUF<br>Schweiz<br>RIKAR4<br>BLACK &#8211; DELUXE ACCESSORIES<br>\u20ac100 DISCOUNT \/ TENT<br>0\/2 SIND BEREIT<br>#186<\/h3>\n\n\n\n<div id=\"wp-block-themeisle-blocks-progress-bar-b203d10c\" class=\"wp-block-themeisle-blocks-progress-bar\" data-percent=\"0\" data-duration=\"2\"><div class=\"wp-block-themeisle-blocks-progress-bar__area\"><div class=\"wp-block-themeisle-blocks-progress-bar__area__title\"><span>PURCHASE NOW!<\/span><\/div><div class=\"wp-block-themeisle-blocks-progress-bar__area__bar\"><\/div><div class=\"wp-block-themeisle-blocks-progress-bar__progress wp-block-themeisle-blocks-progress-bar__number\">0%<\/div><\/div><\/div>\n\n\n\n<div style=\"height:30px\" aria-hidden=\"true\" class=\"wp-block-spacer\"><\/div>\n<\/div>\n<\/div>\n\n\n\n<div style=\"height:30px\" aria-hidden=\"true\" class=\"wp-block-spacer\"><\/div>\n\n\n\n<div class=\"wp-block-buttons is-content-justification-center is-layout-flex wp-container-core-buttons-is-layout-1 wp-block-buttons-is-layout-flex\">\n<div class=\"wp-block-button\"><a class=\"wp-block-button__link wp-element-button\" href=\"https:\/\/actrica.ch\/kontakt\/\" style=\"border-radius:100px\">Mehr Fl\u00e4che initiieren<\/a><\/div>\n<\/div>\n\n\n\n<div class=\"wp-block-columns is-layout-flex wp-container-core-columns-is-layout-3 wp-block-columns-is-layout-flex\">\n<div class=\"wp-block-column is-layout-flow wp-block-column-is-layout-flow\">\n<h3 class=\"wp-block-heading has-text-align-center has-ast-global-color-0-color has-text-color has-link-color wp-elements-b5e5e298de536821c4252cd36d66c5b9\">2 St\u00fcck = 100 \u20ac RABATT \/ ZELT<br>5 St\u00fcck = 200 \u20ac RABATT \/ ZELT<\/h3>\n\n\n\n<p class=\"has-ast-global-color-1-color has-text-color has-link-color wp-elements-462166590d04fea7b94f20ecae5c395c\" style=\"padding-right:3%;padding-left:3%\">Hinweise :<br>1. Sie k\u00f6nnen die Zubeh\u00f6rteile des \u201ePremium-Pakets\u201c f\u00fcr die Gruppenbestellung des \u201eDeluxe-Pakets\u201c ausw\u00e4hlen.<br>2. Das Hinzuf\u00fcgen von Bundle-Ausr\u00fcstung hat keinen Einfluss auf Ihre Bestellung.<br>3. Sie sind herzlich eingeladen, eine neue Bestellung an einem neuen Standort zu initiieren. Kontaktieren Sie uns, um loszulegen.<\/p>\n<\/div>\n<\/div>\n\n\n\n<div style=\"height:100px\" aria-hidden=\"true\" class=\"wp-block-spacer\"><\/div>\n<\/div>\n<\/div><\/div>\n","protected":false},"excerpt":{"rendered":"","protected":false},"author":1,"featured_media":0,"parent":0,"menu_order":0,"comment_status":"closed","ping_status":"closed","template":"","meta":{"om_disable_all_campaigns":false,"_monsterinsights_skip_tracking":false,"_monsterinsights_sitenote_active":false,"_monsterinsights_sitenote_note":"","_monsterinsights_sitenote_category":0,"site-sidebar-layout":"default","site-content-layout":"","ast-site-content-layout":"","site-content-style":"default","site-sidebar-style":"default","ast-global-header-display":"","ast-banner-title-visibility":"","ast-main-header-display":"","ast-hfb-above-header-display":"","ast-hfb-below-header-display":"","ast-hfb-mobile-header-display":"","site-post-title":"","ast-breadcrumbs-content":"","ast-featured-img":"","footer-sml-layout":"","theme-transparent-header-meta":"","adv-header-id-meta":"","stick-header-meta":"","header-above-stick-meta":"","header-main-stick-meta":"","header-below-stick-meta":"","astra-migrate-meta-layouts":"default","ast-page-background-enabled":"default","ast-page-background-meta":{"desktop":{"background-color":"var(--ast-global-color-4)","background-image":"","background-repeat":"repeat","background-position":"center center","background-size":"auto","background-attachment":"scroll","background-type":"","background-media":"","overlay-type":"","overlay-color":"","overlay-opacity":"","overlay-gradient":""},"tablet":{"background-color":"","background-image":"","background-repeat":"repeat","background-position":"center center","background-size":"auto","background-attachment":"scroll","background-type":"","background-media":"","overlay-type":"","overlay-color":"","overlay-opacity":"","overlay-gradient":""},"mobile":{"background-color":"","background-image":"","background-repeat":"repeat","background-position":"center center","background-size":"auto","background-attachment":"scroll","background-type":"","background-media":"","overlay-type":"","overlay-color":"","overlay-opacity":"","overlay-gradient":""}},"ast-content-background-meta":{"desktop":{"background-color":"var(--ast-global-color-5)","background-image":"","background-repeat":"repeat","background-position":"center center","background-size":"auto","background-attachment":"scroll","background-type":"","background-media":"","overlay-type":"","overlay-color":"","overlay-opacity":"","overlay-gradient":""},"tablet":{"background-color":"var(--ast-global-color-5)","background-image":"","background-repeat":"repeat","background-position":"center center","background-size":"auto","background-attachment":"scroll","background-type":"","background-media":"","overlay-type":"","overlay-color":"","overlay-opacity":"","overlay-gradient":""},"mobile":{"background-color":"var(--ast-global-color-5)","background-image":"","background-repeat":"repeat","background-position":"center center","background-size":"auto","background-attachment":"scroll","background-type":"","background-media":"","overlay-type":"","overlay-color":"","overlay-opacity":"","overlay-gradient":""}},"_themeisle_gutenberg_block_has_review":false,"footnotes":""},"class_list":["post-3465","page","type-page","status-publish","hentry"],"aioseo_notices":[],"jetpack_sharing_enabled":true,"_links":{"self":[{"href":"https:\/\/actrica.ch\/de\/wp-json\/wp\/v2\/pages\/3465","targetHints":{"allow":["GET"]}}],"collection":[{"href":"https:\/\/actrica.ch\/de\/wp-json\/wp\/v2\/pages"}],"about":[{"href":"https:\/\/actrica.ch\/de\/wp-json\/wp\/v2\/types\/page"}],"author":[{"embeddable":true,"href":"https:\/\/actrica.ch\/de\/wp-json\/wp\/v2\/users\/1"}],"replies":[{"embeddable":true,"href":"https:\/\/actrica.ch\/de\/wp-json\/wp\/v2\/comments?post=3465"}],"version-history":[{"count":46,"href":"https:\/\/actrica.ch\/de\/wp-json\/wp\/v2\/pages\/3465\/revisions"}],"predecessor-version":[{"id":6438,"href":"https:\/\/actrica.ch\/de\/wp-json\/wp\/v2\/pages\/3465\/revisions\/6438"}],"wp:attachment":[{"href":"https:\/\/actrica.ch\/de\/wp-json\/wp\/v2\/media?parent=3465"}],"curies":[{"name":"wp","href":"https:\/\/api.w.org\/{rel}","templated":true}]}}