{"id":3451,"date":"2024-07-07T21:05:26","date_gmt":"2024-07-07T18:05:26","guid":{"rendered":"https:\/\/actrica.ch\/?page_id=3451"},"modified":"2024-11-20T16:14:43","modified_gmt":"2024-11-20T14:14:43","slug":"vorbestellung-und-ratenzahlung","status":"publish","type":"page","link":"https:\/\/actrica.ch\/de\/vorbestellung-und-ratenzahlung\/","title":{"rendered":"Pre-Order &amp; Installment"},"content":{"rendered":"\n<div id=\"wp-block-themeisle-blocks-advanced-columns-0f2ebaf3\" class=\"wp-block-themeisle-blocks-advanced-columns has-1-columns has-desktop-equal-layout has-tablet-equal-layout has-mobile-equal-layout has-vertical-unset\"><div class=\"wp-block-themeisle-blocks-advanced-columns-overlay\"><\/div><div class=\"innerblocks-wrap\">\n<div id=\"wp-block-themeisle-blocks-advanced-column-848717dd\" class=\"wp-block-themeisle-blocks-advanced-column has-dark-bg\">\n<div style=\"height:130px\" aria-hidden=\"true\" class=\"wp-block-spacer\"><\/div>\n\n\n\n<h2 class=\"wp-block-heading has-ast-global-color-0-color has-text-color has-link-color wp-elements-f21e75f3ea0aa999e53e537bf62fac8b\">Vorbestellung \/ R\u00fcckbestellung<\/h2>\n\n\n\n<p class=\"has-ast-global-color-1-color has-text-color has-link-color wp-elements-abee65d40f00194b189410f9caddce85\">Bitte lesen Sie unsere Vorbestellrichtlinien sorgf\u00e4ltig durch, um die Bedingungen und Konditionen im Zusammenhang mit Ihrem Kauf zu verstehen.<\/p>\n\n\n\n<p class=\"has-ast-global-color-1-color has-text-color has-link-color wp-elements-cb75c21a06a1757debfe716d8f26e790\"><strong>Anzahlung<\/strong>: Eine nicht erstattungsf\u00e4hige Anzahlung von 30 % ist f\u00fcr jede Vorbestellung eines Dachzeltes erforderlich. Diese Anzahlung sichert Ihre Bestellung und leitet den Herstellungsprozess ein.<\/p>\n\n\n\n<p class=\"has-ast-global-color-1-color has-text-color has-link-color wp-elements-bc637a4020bbe050eeec2001c343b7b7\"><strong>Restzahlung<\/strong>: Der verbleibende Betrag ist f\u00e4llig, bevor das Dachzelt versandt wird.<\/p>\n\n\n\n<p class=\"has-ast-global-color-1-color has-text-color has-link-color wp-elements-ad13c45a63be0473d1282728878c4fe0\"><strong>Sonderanfertigungen<\/strong>: Bitte beachten Sie, dass Vorbestellungen ma\u00dfgeschneiderte Produkte umfassen, einschlie\u00dflich Optionen f\u00fcr personalisierte Namen oder Merkmale. Da diese Artikel speziell auf Ihre W\u00fcnsche zugeschnitten sind, k\u00f6nnen sie nicht weiterverkauft werden. Daher sind Sonderanfertigungen nicht erstattungsf\u00e4hig.<br>Die Zahlungen werden in drei Teile unterteilt:<\/p>\n\n\n\n<ol class=\"wp-block-list has-ast-global-color-1-color has-text-color has-link-color wp-elements-a2b0ed50fa12de80e9aecf161f4d79d4\">\n<li><strong>Bestellbest\u00e4tigung<\/strong><\/li>\n\n\n\n<li><strong>Produktionsabschluss<\/strong><\/li>\n\n\n\n<li><strong>Vor dem Versand<\/strong><\/li>\n<\/ol>\n\n\n\n<p class=\"has-ast-global-color-1-color has-text-color has-link-color wp-elements-c399683151ae37f965fa37b008c98461\">Mit der Aufgabe einer Vorbestellung erkennen Sie diese Bedingungen an und stimmen ihnen zu. Wenn Sie Fragen haben oder weitere Klarstellungen ben\u00f6tigen, z\u00f6gern Sie bitte nicht, uns zu kontaktieren.<\/p>\n\n\n\n<div style=\"height:100px\" aria-hidden=\"true\" class=\"wp-block-spacer\"><\/div>\n\n\n\n<h2 class=\"wp-block-heading has-ast-global-color-0-color has-text-color has-link-color wp-elements-c45fc48c60f0421c900620b89b721b97\">Ratenzahlungsoptionen<\/h2>\n\n\n\n<p class=\"has-ast-global-color-1-color has-text-color has-link-color wp-elements-56f7067d89aaa41873bfa06977ebe4e8\">Wir freuen uns, unseren gesch\u00e4tzten Kunden eine Ratenzahlungsoption anzubieten. Im Folgenden finden Sie die Details unserer Ratenzahlungsrichtlinien, um Ihnen zu helfen, unser System zu verstehen.<\/p>\n\n\n\n<h3 class=\"wp-block-heading has-ast-global-color-0-color has-text-color has-link-color wp-elements-c5f8e8f57a2378a600e9eb4827b709e9\">Wichtige Punkte unseres Ratenplans:<\/h3>\n\n\n\n<ul class=\"wp-block-list has-ast-global-color-1-color has-text-color has-link-color wp-elements-91617b858e23c5403b02cc7f03034cf3\">\n<li><strong>Unabh\u00e4ngig von Banken<\/strong>: Unser Ratenplan ist nicht mit Banken oder externen Anbietern verbunden. Das bedeutet, dass Sie die meisten Kredit- und Debitkarten verwenden k\u00f6nnen, genau wie bei einem normalen Kauf in unserem Gesch\u00e4ft. Bitte beachten Sie, dass Actrica bei der Best\u00e4tigung der Bestellung keine vollst\u00e4ndige Zahlung von der Bank erh\u00e4lt, da die Ratenzahlung nicht \u00fcber eine Bank bereitgestellt wird. Daher haben wir eine 50 %ige Vorauszahlungsrichtlinie, wie unten gezeigt.<\/li>\n\n\n\n<li><strong>Abonnementbasierte Zahlungen<\/strong>: Ratenzahlungen werden als Abonnements f\u00fcr unser Produkt behandelt. Das Abonnement endet, sobald die vollst\u00e4ndige Zahlung geleistet wurde.<\/li>\n<\/ul>\n\n\n\n<div style=\"height:100px\" aria-hidden=\"true\" class=\"wp-block-spacer\"><\/div>\n\n\n\n<h3 class=\"wp-block-heading has-ast-global-color-0-color has-text-color has-link-color wp-elements-5d9680614465e1fa18e1aa72028bec19\">Individuelle Ratenzahlungspl\u00e4ne:<\/h3>\n\n\n\n<ul class=\"wp-block-list has-ast-global-color-1-color has-text-color has-link-color wp-elements-ff7a9ce0541a0a7ab4e47d90d1b78038\">\n<li><strong>Erstzahlung<\/strong>: Typischerweise ist die H\u00e4lfte des Gesamtbetrags zu Beginn f\u00e4llig. Wenn Sie beispielsweise Produkte im Wert von 3000 Euro kaufen, ist eine Erstzahlung von 1500 Euro erforderlich. Diese Ma\u00dfnahme hilft uns, 50 % der Zahlung im Voraus zu sichern, um Betrug zu verhindern. Diese Teilzahlung wird in zwei Teile unterteilt: Anzahlung und Zahlung vor dem Versand.<\/li>\n\n\n\n<li><strong>Flexible Zahlungspl\u00e4ne<\/strong>: Zahlungspl\u00e4ne k\u00f6nnen nach Ihren W\u00fcnschen angepasst werden. Ob Sie t\u00e4gliche, monatliche, viertelj\u00e4hrliche oder andere Intervalle bevorzugen, wir werden Ihrer Anfrage nachkommen.<\/li>\n\n\n\n<li><strong>Identifikation erforderlich<\/strong>: Eine Kopie Ihres Ausweises ist erforderlich, um mit einem Ratenzahlungsplan fortzufahren. Dies hilft uns sicherzustellen, dass die Transaktion sicher und rechtm\u00e4\u00dfig ist. Rechtliche Schritte k\u00f6nnen eingeleitet werden, wenn die Abonnementzahlungen nicht wie vereinbart abgeschlossen werden.<\/li>\n\n\n\n<li><strong>Zahlungsfrist<\/strong>: Kunden k\u00f6nnen ihre Zahlungen typischerweise \u00fcber einen Zeitraum von bis zu 1 Jahr aufteilen.<\/li>\n<\/ul>\n\n\n\n<div class=\"wp-block-columns is-layout-flex wp-container-core-columns-is-layout-2 wp-block-columns-is-layout-flex\">\n<div class=\"wp-block-column has-border-color has-white-border-color is-layout-flow wp-block-column-is-layout-flow\" style=\"border-width:1px;flex-basis:66.66%\">\n<h2 class=\"wp-block-heading has-text-align-center\">50% Ersteinzahlung<\/h2>\n\n\n\n<div class=\"wp-block-columns has-border-color has-white-border-color is-layout-flex wp-container-core-columns-is-layout-1 wp-block-columns-is-layout-flex\" style=\"border-width:1px\">\n<div class=\"wp-block-column is-layout-flow wp-block-column-is-layout-flow\">\n<h3 class=\"wp-block-heading has-text-align-center has-ast-global-color-3-color has-text-color has-link-color wp-elements-7d4434cc8611b393a9a8e225fdecdd3d\">30% Anzahlung<\/h3>\n\n\n\n<p class=\"has-text-align-center\">Anzahlung f\u00fcr die Auftragsbest\u00e4tigung<\/p>\n<\/div>\n\n\n\n<div class=\"wp-block-column has-border-color has-white-border-color is-layout-flow wp-block-column-is-layout-flow\" style=\"border-width:1px\">\n<h3 class=\"wp-block-heading has-text-align-center has-ast-global-color-1-color has-text-color has-link-color wp-elements-bbd56afb440ab1d262eb321c4a2a7a4c\">20% Restzahlung<\/h3>\n\n\n\n<p class=\"has-text-align-center\">Vollst\u00e4ndige Bezahlung vor Versand<\/p>\n<\/div>\n<\/div>\n<\/div>\n\n\n\n<div class=\"wp-block-column has-border-color has-white-border-color is-layout-flow wp-block-column-is-layout-flow\" style=\"border-width:1px;flex-basis:33.33%\">\n<h2 class=\"wp-block-heading has-text-align-center\">Verbleibende 50% Zahlung<\/h2>\n\n\n\n<div style=\"height:30px\" aria-hidden=\"true\" class=\"wp-block-spacer\"><\/div>\n\n\n\n<p class=\"has-text-align-center\">Individueller Plan, bis zu einem Jahr (keine Zinskosten mehr)<\/p>\n<\/div>\n<\/div>\n\n\n\n<div style=\"height:100px\" aria-hidden=\"true\" class=\"wp-block-spacer\"><\/div>\n\n\n\n<h3 class=\"wp-block-heading has-ast-global-color-0-color has-text-color has-link-color wp-elements-a7ef9ab6811795779cbcb541408fb244\">Wie man vorgeht:<\/h3>\n\n\n\n<p class=\"has-ast-global-color-1-color has-text-color has-link-color wp-elements-68cc4caa0ba6cf47acbf2621b9c71562\">F\u00fcr weitere Informationen und um Ihren individuellen Ratenzahlungsplan einzurichten, kontaktieren Sie uns bitte direkt. Unser Team wird eine auf Ihre W\u00fcnsche zugeschnittene Zahlungsverbindung erstellen.<\/p>\n\n\n\n<p class=\"has-ast-global-color-1-color has-text-color has-link-color wp-elements-2db79f5a16ce2aaa4bfff37078be0d10\">Wenn Sie Fragen haben oder einen Ratenzahlungsplan einrichten m\u00f6chten, k\u00f6nnen Sie sich gerne an uns wenden!<\/p>\n\n\n\n<div style=\"height:100px\" aria-hidden=\"true\" class=\"wp-block-spacer\"><\/div>\n<\/div>\n<\/div><\/div>\n","protected":false},"excerpt":{"rendered":"","protected":false},"author":1,"featured_media":0,"parent":0,"menu_order":0,"comment_status":"closed","ping_status":"closed","template":"","meta":{"om_disable_all_campaigns":false,"_monsterinsights_skip_tracking":false,"_monsterinsights_sitenote_active":false,"_monsterinsights_sitenote_note":"","_monsterinsights_sitenote_category":0,"site-sidebar-layout":"default","site-content-layout":"","ast-site-content-layout":"","site-content-style":"default","site-sidebar-style":"default","ast-global-header-display":"","ast-banner-title-visibility":"","ast-main-header-display":"","ast-hfb-above-header-display":"","ast-hfb-below-header-display":"","ast-hfb-mobile-header-display":"","site-post-title":"","ast-breadcrumbs-content":"","ast-featured-img":"","footer-sml-layout":"","theme-transparent-header-meta":"","adv-header-id-meta":"","stick-header-meta":"","header-above-stick-meta":"","header-main-stick-meta":"","header-below-stick-meta":"","astra-migrate-meta-layouts":"default","ast-page-background-enabled":"default","ast-page-background-meta":{"desktop":{"background-color":"var(--ast-global-color-4)","background-image":"","background-repeat":"repeat","background-position":"center center","background-size":"auto","background-attachment":"scroll","background-type":"","background-media":"","overlay-type":"","overlay-color":"","overlay-opacity":"","overlay-gradient":""},"tablet":{"background-color":"","background-image":"","background-repeat":"repeat","background-position":"center center","background-size":"auto","background-attachment":"scroll","background-type":"","background-media":"","overlay-type":"","overlay-color":"","overlay-opacity":"","overlay-gradient":""},"mobile":{"background-color":"","background-image":"","background-repeat":"repeat","background-position":"center center","background-size":"auto","background-attachment":"scroll","background-type":"","background-media":"","overlay-type":"","overlay-color":"","overlay-opacity":"","overlay-gradient":""}},"ast-content-background-meta":{"desktop":{"background-color":"var(--ast-global-color-5)","background-image":"","background-repeat":"repeat","background-position":"center center","background-size":"auto","background-attachment":"scroll","background-type":"","background-media":"","overlay-type":"","overlay-color":"","overlay-opacity":"","overlay-gradient":""},"tablet":{"background-color":"var(--ast-global-color-5)","background-image":"","background-repeat":"repeat","background-position":"center center","background-size":"auto","background-attachment":"scroll","background-type":"","background-media":"","overlay-type":"","overlay-color":"","overlay-opacity":"","overlay-gradient":""},"mobile":{"background-color":"var(--ast-global-color-5)","background-image":"","background-repeat":"repeat","background-position":"center center","background-size":"auto","background-attachment":"scroll","background-type":"","background-media":"","overlay-type":"","overlay-color":"","overlay-opacity":"","overlay-gradient":""}},"_themeisle_gutenberg_block_has_review":false,"footnotes":""},"class_list":["post-3451","page","type-page","status-publish","hentry"],"aioseo_notices":[],"jetpack_sharing_enabled":true,"_links":{"self":[{"href":"https:\/\/actrica.ch\/de\/wp-json\/wp\/v2\/pages\/3451","targetHints":{"allow":["GET"]}}],"collection":[{"href":"https:\/\/actrica.ch\/de\/wp-json\/wp\/v2\/pages"}],"about":[{"href":"https:\/\/actrica.ch\/de\/wp-json\/wp\/v2\/types\/page"}],"author":[{"embeddable":true,"href":"https:\/\/actrica.ch\/de\/wp-json\/wp\/v2\/users\/1"}],"replies":[{"embeddable":true,"href":"https:\/\/actrica.ch\/de\/wp-json\/wp\/v2\/comments?post=3451"}],"version-history":[{"count":11,"href":"https:\/\/actrica.ch\/de\/wp-json\/wp\/v2\/pages\/3451\/revisions"}],"predecessor-version":[{"id":5736,"href":"https:\/\/actrica.ch\/de\/wp-json\/wp\/v2\/pages\/3451\/revisions\/5736"}],"wp:attachment":[{"href":"https:\/\/actrica.ch\/de\/wp-json\/wp\/v2\/media?parent=3451"}],"curies":[{"name":"wp","href":"https:\/\/api.w.org\/{rel}","templated":true}]}}